{"id":86123,"date":"2025-07-18T11:38:35","date_gmt":"2025-07-18T09:38:35","guid":{"rendered":"https:\/\/www.tecno-group.eu\/?page_id=86123"},"modified":"2025-07-22T11:38:21","modified_gmt":"2025-07-22T09:38:21","slug":"comitato-esg","status":"publish","type":"page","link":"https:\/\/www.tecno-group.eu\/en\/comitato-esg\/","title":{"rendered":"ESG Committee"},"content":{"rendered":"\t\t<div data-elementor-type=\"wp-page\" data-elementor-id=\"86123\" class=\"elementor elementor-86123\" data-elementor-post-type=\"page\">\n\t\t\t\t<div class=\"elementor-element elementor-element-bee7b59 e-con-full e-flex e-con e-parent\" data-id=\"bee7b59\" data-element_type=\"container\" data-e-type=\"container\" data-settings=\"{&quot;background_background&quot;:&quot;classic&quot;}\">\n\t\t<div class=\"elementor-element elementor-element-565a1e2 e-con-full e-flex e-con e-child\" data-id=\"565a1e2\" data-element_type=\"container\" data-e-type=\"container\">\n\t\t<div class=\"elementor-element elementor-element-f1e2fe3 e-con-full e-flex e-con e-child\" data-id=\"f1e2fe3\" data-element_type=\"container\" data-e-type=\"container\" data-settings=\"{&quot;background_background&quot;:&quot;classic&quot;}\">\n\t\t\t\t<div class=\"elementor-element elementor-element-480889d section-title text-dark-gray elementor-widget elementor-widget-heading\" data-id=\"480889d\" data-element_type=\"widget\" data-e-type=\"widget\" data-widget_type=\"heading.default\">\n\t\t\t\t\t<h2 class=\"elementor-heading-title elementor-size-default\">Governance<\/h2>\t\t\t\t<\/div>\n\t\t\t\t<div class=\"elementor-element elementor-element-7ea3c81 elementor-widget elementor-widget-text-editor\" data-id=\"7ea3c81\" data-element_type=\"widget\" data-e-type=\"widget\" data-widget_type=\"text-editor.default\">\n\t\t\t\t\t\t\t\t\t<p>La sezione illustra il sistema di governo societario adottato dalla Societ\u00e0, fondato su principi di trasparenza, integrit\u00e0 e sostenibilit\u00e0, a supporto di una crescita responsabile, innovativa e orientata al lungo termine.<\/p>\t\t\t\t\t\t\t\t<\/div>\n\t\t\t\t<\/div>\n\t\t<div class=\"elementor-element elementor-element-93c46fa e-con-full elementor-hidden-tablet elementor-hidden-mobile e-flex e-con e-child\" data-id=\"93c46fa\" data-element_type=\"container\" data-e-type=\"container\">\n\t\t\t\t<\/div>\n\t\t\t\t<\/div>\n\t\t\t\t<\/div>\n\t\t<div class=\"elementor-element elementor-element-7490860 e-flex e-con-boxed e-con e-parent\" data-id=\"7490860\" data-element_type=\"container\" data-e-type=\"container\" data-settings=\"{&quot;background_background&quot;:&quot;classic&quot;,&quot;sticky&quot;:&quot;top&quot;,&quot;sticky_offset_mobile&quot;:65,&quot;animation_mobile&quot;:&quot;fadeInDown&quot;,&quot;sticky_on&quot;:[&quot;desktop&quot;,&quot;tablet&quot;,&quot;mobile&quot;],&quot;sticky_offset&quot;:0,&quot;sticky_effects_offset&quot;:0,&quot;sticky_anchor_link_offset&quot;:0}\">\n\t\t\t\t\t<div class=\"e-con-inner\">\n\t\t<div class=\"elementor-element elementor-element-7fe76e5 e-con-full e-flex e-con e-child\" data-id=\"7fe76e5\" data-element_type=\"container\" data-e-type=\"container\" data-settings=\"{&quot;background_background&quot;:&quot;classic&quot;,&quot;sticky&quot;:&quot;top&quot;,&quot;sticky_offset_mobile&quot;:100,&quot;animation_mobile&quot;:&quot;fadeInDown&quot;,&quot;sticky_on&quot;:[&quot;desktop&quot;,&quot;tablet&quot;,&quot;mobile&quot;],&quot;sticky_offset&quot;:0,&quot;sticky_effects_offset&quot;:0,&quot;sticky_anchor_link_offset&quot;:0}\">\n\t\t<div class=\"elementor-element elementor-element-b3a4bd7 e-con-full elementor-hidden-desktop e-flex e-con e-child\" data-id=\"b3a4bd7\" data-element_type=\"container\" data-e-type=\"container\" data-settings=\"{&quot;sticky&quot;:&quot;top&quot;,&quot;sticky_offset_tablet&quot;:50,&quot;sticky_offset_mobile&quot;:0,&quot;animation_tablet&quot;:&quot;fadeInDown&quot;,&quot;sticky_on&quot;:[&quot;desktop&quot;,&quot;tablet&quot;,&quot;mobile&quot;],&quot;sticky_offset&quot;:0,&quot;sticky_effects_offset&quot;:0,&quot;sticky_anchor_link_offset&quot;:0}\">\n\t\t\t\t<div class=\"elementor-element elementor-element-217555d elementor-widget-tablet__width-auto elementor-widget elementor-widget-heading\" data-id=\"217555d\" data-element_type=\"widget\" data-e-type=\"widget\" data-widget_type=\"heading.default\">\n\t\t\t\t\t<h2 class=\"elementor-heading-title elementor-size-default\">Governance<\/h2>\t\t\t\t<\/div>\n\t\t\t\t<div class=\"elementor-element elementor-element-7c3509d elementor-widget__width-initial elementor-nav-menu--stretch elementor-widget-tablet__width-auto elementor-widget-mobile__width-auto elementor-nav-menu__text-align-aside elementor-nav-menu--toggle elementor-nav-menu--burger elementor-widget elementor-widget-nav-menu\" data-id=\"7c3509d\" data-element_type=\"widget\" data-e-type=\"widget\" data-settings=\"{&quot;layout&quot;:&quot;dropdown&quot;,&quot;full_width&quot;:&quot;stretch&quot;,&quot;submenu_icon&quot;:{&quot;value&quot;:&quot;&lt;svg aria-hidden=\\&quot;true\\&quot; class=\\&quot;e-font-icon-svg e-fas-caret-down\\&quot; viewBox=\\&quot;0 0 320 512\\&quot; xmlns=\\&quot;http:\\\/\\\/www.w3.org\\\/2000\\\/svg\\&quot;&gt;&lt;path d=\\&quot;M31.3 192h257.3c17.8 0 26.7 21.5 14.1 34.1L174.1 354.8c-7.8 7.8-20.5 7.8-28.3 0L17.2 226.1C4.6 213.5 13.5 192 31.3 192z\\&quot;&gt;&lt;\\\/path&gt;&lt;\\\/svg&gt;&quot;,&quot;library&quot;:&quot;fa-solid&quot;},&quot;toggle&quot;:&quot;burger&quot;}\" data-widget_type=\"nav-menu.default\">\n\t\t\t\t\t\t\t<div class=\"elementor-menu-toggle\" role=\"button\" tabindex=\"0\" aria-label=\"Menu Toggle\" aria-expanded=\"false\">\n\t\t\t<svg aria-hidden=\"true\" role=\"presentation\" class=\"elementor-menu-toggle__icon--open e-font-icon-svg e-fas-chevron-down\" viewBox=\"0 0 448 512\" xmlns=\"http:\/\/www.w3.org\/2000\/svg\"><path d=\"M207.029 381.476L12.686 187.132c-9.373-9.373-9.373-24.569 0-33.941l22.667-22.667c9.357-9.357 24.522-9.375 33.901-.04L224 284.505l154.745-154.021c9.379-9.335 24.544-9.317 33.901.04l22.667 22.667c9.373 9.373 9.373 24.569 0 33.941L240.971 381.476c-9.373 9.372-24.569 9.372-33.942 0z\"><\/path><\/svg><svg aria-hidden=\"true\" role=\"presentation\" class=\"elementor-menu-toggle__icon--close e-font-icon-svg e-eicon-close\" viewBox=\"0 0 1000 1000\" xmlns=\"http:\/\/www.w3.org\/2000\/svg\"><path d=\"M742 167L500 408 258 167C246 154 233 150 217 150 196 150 179 158 167 167 154 179 150 196 150 212 150 229 154 242 171 254L408 500 167 742C138 771 138 800 167 829 196 858 225 858 254 829L496 587 738 829C750 842 767 846 783 846 800 846 817 842 829 829 842 817 846 804 846 783 846 767 842 750 829 737L588 500 833 258C863 229 863 200 833 171 804 137 775 137 742 167Z\"><\/path><\/svg>\t\t<\/div>\n\t\t\t\t\t<nav class=\"elementor-nav-menu--dropdown elementor-nav-menu__container\" aria-hidden=\"true\">\n\t\t\t\t<ul id=\"menu-2-7c3509d\" class=\"elementor-nav-menu\"><li class=\"menu-item menu-item-type-post_type menu-item-object-page menu-item-79329\"><a href=\"https:\/\/www.tecno-group.eu\/en\/organi-sociali\/\" class=\"elementor-item\" tabindex=\"-1\">Organi Sociali<\/a><\/li>\n<li class=\"menu-item menu-item-type-post_type menu-item-object-page menu-item-79700\"><a href=\"https:\/\/www.tecno-group.eu\/en\/comitato-strategico\/\" class=\"elementor-item\" tabindex=\"-1\">Comitato Strategico<\/a><\/li>\n<li class=\"menu-item menu-item-type-post_type menu-item-object-page menu-item-79707\"><a href=\"https:\/\/www.tecno-group.eu\/en\/comitato-scientifico\/\" class=\"elementor-item\" tabindex=\"-1\">Comitato Scientifico<\/a><\/li>\n<li class=\"menu-item menu-item-type-post_type menu-item-object-page menu-item-86137\"><a href=\"https:\/\/www.tecno-group.eu\/en\/comitato-esg\/\" class=\"elementor-item\" tabindex=\"-1\">Comitato ESG<\/a><\/li>\n<li class=\"menu-item menu-item-type-post_type menu-item-object-page menu-item-79717\"><a href=\"https:\/\/www.tecno-group.eu\/en\/comitato-protezione-dati\/\" class=\"elementor-item\" tabindex=\"-1\">Comitato Protezione dati<\/a><\/li>\n<li class=\"menu-item menu-item-type-post_type menu-item-object-page menu-item-79727\"><a href=\"https:\/\/www.tecno-group.eu\/en\/modello-231-e-odv\/\" class=\"elementor-item\" tabindex=\"-1\">Modello 231 e ODV<\/a><\/li>\n<li class=\"menu-item menu-item-type-post_type menu-item-object-page menu-item-86236\"><a href=\"https:\/\/www.tecno-group.eu\/en\/internal-dealing\/\" class=\"elementor-item\" tabindex=\"-1\">Internal Dealing<\/a><\/li>\n<li class=\"menu-item menu-item-type-post_type menu-item-object-page menu-item-79734\"><a href=\"https:\/\/www.tecno-group.eu\/en\/documenti\/\" class=\"elementor-item\" tabindex=\"-1\">Documenti<\/a><\/li>\n<\/ul>\t\t\t<\/nav>\n\t\t\t\t\t\t<\/div>\n\t\t\t\t<\/div>\n\t\t\t\t<\/div>\n\t\t\t\t\t<\/div>\n\t\t\t\t<\/div>\n\t\t<div class=\"elementor-element elementor-element-3f17baa e-con-full e-flex e-con e-parent\" data-id=\"3f17baa\" data-element_type=\"container\" data-e-type=\"container\">\n\t\t\t\t<div class=\"elementor-element elementor-element-1e39203 elementor-widget elementor-widget-html\" data-id=\"1e39203\" data-element_type=\"widget\" data-e-type=\"widget\" data-widget_type=\"html.default\">\n\t\t\t\t\t<div id=\"el-breadcrumbs\"><\/div>\n\n<script>\n  document.addEventListener('DOMContentLoaded', function(){\n    const path = window.location.pathname.split('\/').filter(p => p);\n    const container = document.getElementById('el-breadcrumbs');\n    if(!container) return;\n\n    const homeLink = '<a href=\"\/\">Home<\/a>';\n    const sep = ' \/ ';\n    let crumbs = [homeLink];\n\n    let accumulated = '\/';\n    path.forEach((segment, i) => {\n      accumulated += segment + '\/';\n      \/\/ Sostituisci trattini e maiuscole  \n      const name = segment.replace(\/-\/g, ' ').replace(\/\\b\\w\/g, l => l.toUpperCase());\n      if (i < path.length - 1) {\n        crumbs.push(`<a href=\"${accumulated}\">${name}<\/a>`);\n      } else {\n        crumbs.push(`<span>${name}<\/span>`);\n      }\n    });\n\n    container.innerHTML = '<nav class=\"el-breadcrumbs\" aria-label=\"Breadcrumb\">' \n                          + crumbs.join(sep) \n                          + '<\/nav>';\n  });\n<\/script>\n\t\t\t\t<\/div>\n\t\t\t\t<\/div>\n\t\t<div class=\"elementor-element elementor-element-aca0685 e-con-full e-flex e-con e-parent\" data-id=\"aca0685\" data-element_type=\"container\" data-e-type=\"container\">\n\t\t<div class=\"elementor-element elementor-element-f0c0bb8 e-con-full elementor-hidden-tablet elementor-hidden-mobile e-flex e-con e-child\" data-id=\"f0c0bb8\" data-element_type=\"container\" data-e-type=\"container\" data-settings=\"{&quot;background_background&quot;:&quot;classic&quot;,&quot;sticky&quot;:&quot;top&quot;,&quot;sticky_anchor_link_offset&quot;:5,&quot;sticky_parent&quot;:&quot;yes&quot;,&quot;sticky_offset&quot;:155,&quot;sticky_on&quot;:[&quot;desktop&quot;,&quot;tablet&quot;],&quot;sticky_effects_offset&quot;:0}\">\n\t\t<div class=\"elementor-element elementor-element-1e2abe6 e-con-full e-flex e-con e-child\" data-id=\"1e2abe6\" data-element_type=\"container\" data-e-type=\"container\" data-settings=\"{&quot;background_background&quot;:&quot;classic&quot;}\">\n\t\t\t\t<div class=\"elementor-element elementor-element-f41dda3 elementor-widget elementor-widget-heading\" data-id=\"f41dda3\" data-element_type=\"widget\" data-e-type=\"widget\" data-widget_type=\"heading.default\">\n\t\t\t\t\t<h2 class=\"elementor-heading-title elementor-size-default\">Governance<\/h2>\t\t\t\t<\/div>\n\t\t\t\t<\/div>\n\t\t<div class=\"elementor-element elementor-element-e5891a1 e-con-full e-flex e-con e-child\" data-id=\"e5891a1\" data-element_type=\"container\" data-e-type=\"container\" data-settings=\"{&quot;background_background&quot;:&quot;classic&quot;}\">\n\t\t\t\t<div class=\"elementor-element elementor-element-0cd2fe3 elementor-widget__width-initial elementor-nav-menu--dropdown-tablet elementor-nav-menu__text-align-aside elementor-nav-menu--toggle elementor-nav-menu--burger elementor-widget elementor-widget-nav-menu\" data-id=\"0cd2fe3\" data-element_type=\"widget\" data-e-type=\"widget\" data-settings=\"{&quot;layout&quot;:&quot;vertical&quot;,&quot;submenu_icon&quot;:{&quot;value&quot;:&quot;&lt;svg aria-hidden=\\&quot;true\\&quot; class=\\&quot;e-font-icon-svg e-fas-caret-down\\&quot; viewBox=\\&quot;0 0 320 512\\&quot; xmlns=\\&quot;http:\\\/\\\/www.w3.org\\\/2000\\\/svg\\&quot;&gt;&lt;path d=\\&quot;M31.3 192h257.3c17.8 0 26.7 21.5 14.1 34.1L174.1 354.8c-7.8 7.8-20.5 7.8-28.3 0L17.2 226.1C4.6 213.5 13.5 192 31.3 192z\\&quot;&gt;&lt;\\\/path&gt;&lt;\\\/svg&gt;&quot;,&quot;library&quot;:&quot;fa-solid&quot;},&quot;toggle&quot;:&quot;burger&quot;}\" data-widget_type=\"nav-menu.default\">\n\t\t\t\t\t\t\t\t<nav aria-label=\"Menu\" class=\"elementor-nav-menu--main elementor-nav-menu__container elementor-nav-menu--layout-vertical e--pointer-underline e--animation-fade\">\n\t\t\t\t<ul id=\"menu-1-0cd2fe3\" class=\"elementor-nav-menu sm-vertical\"><li class=\"menu-item menu-item-type-post_type menu-item-object-page menu-item-79329\"><a href=\"https:\/\/www.tecno-group.eu\/en\/organi-sociali\/\" class=\"elementor-item\">Organi Sociali<\/a><\/li>\n<li class=\"menu-item menu-item-type-post_type menu-item-object-page menu-item-79700\"><a href=\"https:\/\/www.tecno-group.eu\/en\/comitato-strategico\/\" class=\"elementor-item\">Comitato Strategico<\/a><\/li>\n<li class=\"menu-item menu-item-type-post_type menu-item-object-page menu-item-79707\"><a href=\"https:\/\/www.tecno-group.eu\/en\/comitato-scientifico\/\" class=\"elementor-item\">Comitato Scientifico<\/a><\/li>\n<li class=\"menu-item menu-item-type-post_type menu-item-object-page menu-item-86137\"><a href=\"https:\/\/www.tecno-group.eu\/en\/comitato-esg\/\" class=\"elementor-item\">Comitato ESG<\/a><\/li>\n<li class=\"menu-item menu-item-type-post_type menu-item-object-page menu-item-79717\"><a href=\"https:\/\/www.tecno-group.eu\/en\/comitato-protezione-dati\/\" class=\"elementor-item\">Comitato Protezione dati<\/a><\/li>\n<li class=\"menu-item menu-item-type-post_type menu-item-object-page menu-item-79727\"><a href=\"https:\/\/www.tecno-group.eu\/en\/modello-231-e-odv\/\" class=\"elementor-item\">Modello 231 e ODV<\/a><\/li>\n<li class=\"menu-item menu-item-type-post_type menu-item-object-page menu-item-86236\"><a href=\"https:\/\/www.tecno-group.eu\/en\/internal-dealing\/\" class=\"elementor-item\">Internal Dealing<\/a><\/li>\n<li class=\"menu-item menu-item-type-post_type menu-item-object-page menu-item-79734\"><a href=\"https:\/\/www.tecno-group.eu\/en\/documenti\/\" class=\"elementor-item\">Documenti<\/a><\/li>\n<\/ul>\t\t\t<\/nav>\n\t\t\t\t\t<div class=\"elementor-menu-toggle\" role=\"button\" tabindex=\"0\" aria-label=\"Menu Toggle\" aria-expanded=\"false\">\n\t\t\t<svg aria-hidden=\"true\" role=\"presentation\" class=\"elementor-menu-toggle__icon--open e-font-icon-svg e-eicon-menu-bar\" viewBox=\"0 0 1000 1000\" xmlns=\"http:\/\/www.w3.org\/2000\/svg\"><path d=\"M104 333H896C929 333 958 304 958 271S929 208 896 208H104C71 208 42 237 42 271S71 333 104 333ZM104 583H896C929 583 958 554 958 521S929 458 896 458H104C71 458 42 487 42 521S71 583 104 583ZM104 833H896C929 833 958 804 958 771S929 708 896 708H104C71 708 42 737 42 771S71 833 104 833Z\"><\/path><\/svg><svg aria-hidden=\"true\" role=\"presentation\" class=\"elementor-menu-toggle__icon--close e-font-icon-svg e-eicon-close\" viewBox=\"0 0 1000 1000\" xmlns=\"http:\/\/www.w3.org\/2000\/svg\"><path d=\"M742 167L500 408 258 167C246 154 233 150 217 150 196 150 179 158 167 167 154 179 150 196 150 212 150 229 154 242 171 254L408 500 167 742C138 771 138 800 167 829 196 858 225 858 254 829L496 587 738 829C750 842 767 846 783 846 800 846 817 842 829 829 842 817 846 804 846 783 846 767 842 750 829 737L588 500 833 258C863 229 863 200 833 171 804 137 775 137 742 167Z\"><\/path><\/svg>\t\t<\/div>\n\t\t\t\t\t<nav class=\"elementor-nav-menu--dropdown elementor-nav-menu__container\" aria-hidden=\"true\">\n\t\t\t\t<ul id=\"menu-2-0cd2fe3\" class=\"elementor-nav-menu sm-vertical\"><li class=\"menu-item menu-item-type-post_type menu-item-object-page menu-item-79329\"><a href=\"https:\/\/www.tecno-group.eu\/en\/organi-sociali\/\" class=\"elementor-item\" tabindex=\"-1\">Organi Sociali<\/a><\/li>\n<li class=\"menu-item menu-item-type-post_type menu-item-object-page menu-item-79700\"><a href=\"https:\/\/www.tecno-group.eu\/en\/comitato-strategico\/\" class=\"elementor-item\" tabindex=\"-1\">Comitato Strategico<\/a><\/li>\n<li class=\"menu-item menu-item-type-post_type menu-item-object-page menu-item-79707\"><a href=\"https:\/\/www.tecno-group.eu\/en\/comitato-scientifico\/\" class=\"elementor-item\" tabindex=\"-1\">Comitato Scientifico<\/a><\/li>\n<li class=\"menu-item menu-item-type-post_type menu-item-object-page menu-item-86137\"><a href=\"https:\/\/www.tecno-group.eu\/en\/comitato-esg\/\" class=\"elementor-item\" tabindex=\"-1\">Comitato ESG<\/a><\/li>\n<li class=\"menu-item menu-item-type-post_type menu-item-object-page menu-item-79717\"><a href=\"https:\/\/www.tecno-group.eu\/en\/comitato-protezione-dati\/\" class=\"elementor-item\" tabindex=\"-1\">Comitato Protezione dati<\/a><\/li>\n<li class=\"menu-item menu-item-type-post_type menu-item-object-page menu-item-79727\"><a href=\"https:\/\/www.tecno-group.eu\/en\/modello-231-e-odv\/\" class=\"elementor-item\" tabindex=\"-1\">Modello 231 e ODV<\/a><\/li>\n<li class=\"menu-item menu-item-type-post_type menu-item-object-page menu-item-86236\"><a href=\"https:\/\/www.tecno-group.eu\/en\/internal-dealing\/\" class=\"elementor-item\" tabindex=\"-1\">Internal Dealing<\/a><\/li>\n<li class=\"menu-item menu-item-type-post_type menu-item-object-page menu-item-79734\"><a href=\"https:\/\/www.tecno-group.eu\/en\/documenti\/\" class=\"elementor-item\" tabindex=\"-1\">Documenti<\/a><\/li>\n<\/ul>\t\t\t<\/nav>\n\t\t\t\t\t\t<\/div>\n\t\t\t\t<\/div>\n\t\t\t\t<\/div>\n\t\t<div class=\"elementor-element elementor-element-a40e4c2 e-con-full e-flex e-con e-child\" data-id=\"a40e4c2\" data-element_type=\"container\" data-e-type=\"container\" data-settings=\"{&quot;background_background&quot;:&quot;classic&quot;}\">\n\t\t<div class=\"elementor-element elementor-element-3615b10 e-con-full e-flex e-con e-child\" data-id=\"3615b10\" data-element_type=\"container\" data-e-type=\"container\">\n\t\t\t\t<div class=\"elementor-element elementor-element-41b102c elementor-widget__width-auto elementor-widget elementor-widget-heading\" data-id=\"41b102c\" data-element_type=\"widget\" data-e-type=\"widget\" data-widget_type=\"heading.default\">\n\t\t\t\t\t<h2 class=\"elementor-heading-title elementor-size-default\">Comitato ESG<\/h2>\t\t\t\t<\/div>\n\t\t\t\t<div class=\"elementor-element elementor-element-7903251 elementor-widget elementor-widget-text-editor\" data-id=\"7903251\" data-element_type=\"widget\" data-e-type=\"widget\" data-widget_type=\"text-editor.default\">\n\t\t\t\t\t\t\t\t\t<p>Le funzioni del Comitato sono quelle di coadiuvare il Consiglio di Amministrazione nella definizione e implementazione delle strategie ESG del Gruppo, nel monitoraggio dei rischi ESG, nella verifica del rispetto di leggi e regolamenti di riferimento, nonch\u00e9 nell\u2019analisi dell\u2019impatto aziendale sulla sostenibilit\u00e0 e nella gestione delle attivit\u00e0 di sostenibilit\u00e0 ed infine nella supervisione delle attivit\u00e0 del Gruppo volte alla predisposizione della rendicontazione di sostenibilit\u00e0.<\/p>\t\t\t\t\t\t\t\t<\/div>\n\t\t\t\t<\/div>\n\t\t<div class=\"elementor-element elementor-element-85060f5 e-con-full e-flex e-con e-child\" data-id=\"85060f5\" data-element_type=\"container\" data-e-type=\"container\">\n\t\t\t\t<div class=\"elementor-element elementor-element-d1b09af elementor-widget elementor-widget-heading\" data-id=\"d1b09af\" data-element_type=\"widget\" data-e-type=\"widget\" data-widget_type=\"heading.default\">\n\t\t\t\t\t<h2 class=\"elementor-heading-title elementor-size-default\">Claudio Colucci\n<\/h2>\t\t\t\t<\/div>\n\t\t\t\t<div class=\"elementor-element elementor-element-bbe32fa elementor-widget elementor-widget-text-editor\" data-id=\"bbe32fa\" data-element_type=\"widget\" data-e-type=\"widget\" data-widget_type=\"text-editor.default\">\n\t\t\t\t\t\t\t\t\t<p>Dopo gli\u00a0 studi di ingegneria aerospaziale presso l\u2019Universit\u00e0 degli studi di Napoli Federico II, giunge in Tecno nel 2006. Giovane manager appassionato di innovazione e acuto osservatore del panorama aziendale europeo. \u00c9 anche dalla sua curiosit\u00e0 e dalla capacit\u00e0 di analisi che derivano le acquisizioni finalizzate dal gruppo negli ultimi anni. Ha ricoperto il ruolo di Field Engineer presso Tecno DGT dal 2006 al 2014, nonch\u00e9 di BU Director presso Tecno TA dal 2012 al 2014 e di COO del Gruppo dal 2012 al 2015. Dal 2015 ricopre la carica di CEO del Gruppo. Colucci \u00e8 un leader moderno, partecipe dei processi aziendali, entusiasta per la nascita e lo sviluppo di nuove soluzioni, sempre legato all\u2019operativit\u00e0 delle diverse aree. Accompagna l\u2019azienda in un ambizioso percorso di crescita consolidatosi nel 2019 con il ritiro in prima persona del Certificato Elite sul palco dell\u2019Old Billingsgate di Londra, giunto a corredo di un percorso virtuoso, che ha portato Tecno ad essere riconosciuta tra le Best Managed Companies di Deloitte per 6 anni consecutivi. Incuriosito dai nuovi linguaggi comunicativi; nella definizione degli asset strategici, la scelta dei partner e nella definizione dei board aziendali, si orienta sempre pi\u00f9 verso competenze trasversali, giovani, internazionali.<\/p>\t\t\t\t\t\t\t\t<\/div>\n\t\t\t\t<\/div>\n\t\t<div class=\"elementor-element elementor-element-1d62221 e-con-full e-flex e-con e-child\" data-id=\"1d62221\" data-element_type=\"container\" data-e-type=\"container\">\n\t\t\t\t<div class=\"elementor-element elementor-element-07c8793 elementor-widget elementor-widget-heading\" data-id=\"07c8793\" data-element_type=\"widget\" data-e-type=\"widget\" data-widget_type=\"heading.default\">\n\t\t\t\t\t<h2 class=\"elementor-heading-title elementor-size-default\">Katia Da Ros\n<\/h2>\t\t\t\t<\/div>\n\t\t\t\t<div class=\"elementor-element elementor-element-c01ecf3 elementor-widget elementor-widget-text-editor\" data-id=\"c01ecf3\" data-element_type=\"widget\" data-e-type=\"widget\" data-widget_type=\"text-editor.default\">\n\t\t\t\t\t\t\t\t\t<p>Katia Da Ros ha conseguito la laurea in Economia Aziendale presso l\u2019Universit\u00e0 C\u00e0 Foscari di Venezia e, successivamente, un Executive MBA ad Harvard Business School. Katia Da Ros \u00e8 Vicepresidente e Amministratore Delegato di Irinox SpA, societ\u00e0 benefit e Presidente di Irinox North America, azienda che produce abbattitori rapidi di temperatura e sistemi di conservazione per il settore professionale e domestico, e quadri elettrici in acciaio inox. Katia Da Ros \u00e8 Impact Leader di Family Business Network ed \u00e8 tra i Founder di Regenerative Society Foundation.\u00a0 Katia Da Ros ha, inoltre, ricoperto i ruoli di Presidente del Gruppo Giovani e Vicepresidente di Unindustria Treviso e dal 2022 al 2024 ha ricoperto il ruolo di vicepresidente di Confindustria Nazionale con delega ad ambiente, sostenibilit\u00e0 e cultura.<\/p>\t\t\t\t\t\t\t\t<\/div>\n\t\t\t\t<\/div>\n\t\t<div class=\"elementor-element elementor-element-c4b7a63 e-con-full e-flex e-con e-child\" data-id=\"c4b7a63\" data-element_type=\"container\" data-e-type=\"container\">\n\t\t\t\t<div class=\"elementor-element elementor-element-7bd0c03 elementor-widget elementor-widget-heading\" data-id=\"7bd0c03\" data-element_type=\"widget\" data-e-type=\"widget\" data-widget_type=\"heading.default\">\n\t\t\t\t\t<h2 class=\"elementor-heading-title elementor-size-default\">Salvatore Amitrano\n<\/h2>\t\t\t\t<\/div>\n\t\t\t\t<div class=\"elementor-element elementor-element-e2a6791 elementor-widget elementor-widget-text-editor\" data-id=\"e2a6791\" data-element_type=\"widget\" data-e-type=\"widget\" data-widget_type=\"text-editor.default\">\n\t\t\t\t\t\t\t\t\t<p>Salvatore Amitrano \u00e8 Group CFO e Chief Innovation Officer di Tecno. Con oltre 25 anni di esperienza nella gestione aziendale internazionale, ha costruito un percorso riconosciuto da diverse organizzazioni nazionali per il suo impegno nella Responsabilit\u00e0 Sociale d\u2019Impresa (CSR). Ingegnere di formazione, ha contribuito a numerosi progetti internazionali e pubblicazioni scientifiche. Dopo un primo periodo dedicato all\u2019imprenditorialit\u00e0 nell\u2019azienda di famiglia, ha conseguito un Executive MBA e avviato una nuova fase della sua carriera nel top management, entrando a far parte della C-suite di Tecno. Nel suo ruolo guida con visione e competenza processi di trasformazione sostenibile, strategie competitive e percorsi di crescita per le imprese. Ha avuto un ruolo centrale nel lancio del Polo della Sostenibilit\u00e0, ecosistema che mette in rete aziende, istituzioni finanziarie e mondo della ricerca per generare valore attraverso la transizione sostenibile e digitale. A livello nazionale, ha favorito la creazione di partnership strategiche con realt\u00e0 di primo piano come Intesa Sanpaolo, CREDEM, Euronext ed Elite. Sul piano internazionale, ha consolidato una collaborazione con l\u2019University College London (UCL), tra le prime dieci universit\u00e0 al mondo, attraverso la filiale estera di Tecno. La sua leadership continua a essere motore della crescita e dell\u2019espansione delle iniziative sostenibili di Tecno, in Italia e a livello globale.<\/p>\t\t\t\t\t\t\t\t<\/div>\n\t\t\t\t<\/div>\n\t\t\t\t<\/div>\n\t\t\t\t<\/div>\n\t\t\t\t<\/div>\n\t\t","protected":false},"excerpt":{"rendered":"<p>Governance La sezione illustra il sistema di governo societario adottato dalla Societ\u00e0, fondato su principi di trasparenza, integrit\u00e0 e sostenibilit\u00e0, a supporto di una crescita responsabile, innovativa e orientata al lungo termine. Governance Governance Comitato ESG Le funzioni del Comitato sono quelle di coadiuvare il Consiglio di Amministrazione nella definizione e implementazione delle strategie ESG [&hellip;]<\/p>\n","protected":false},"author":1,"featured_media":0,"parent":0,"menu_order":0,"comment_status":"closed","ping_status":"closed","template":"","meta":{"_acf_changed":false,"inline_featured_image":false,"footnotes":""},"class_list":["post-86123","page","type-page","status-publish","hentry"],"acf":[],"_links":{"self":[{"href":"https:\/\/www.tecno-group.eu\/en\/wp-json\/wp\/v2\/pages\/86123","targetHints":{"allow":["GET"]}}],"collection":[{"href":"https:\/\/www.tecno-group.eu\/en\/wp-json\/wp\/v2\/pages"}],"about":[{"href":"https:\/\/www.tecno-group.eu\/en\/wp-json\/wp\/v2\/types\/page"}],"author":[{"embeddable":true,"href":"https:\/\/www.tecno-group.eu\/en\/wp-json\/wp\/v2\/users\/1"}],"replies":[{"embeddable":true,"href":"https:\/\/www.tecno-group.eu\/en\/wp-json\/wp\/v2\/comments?post=86123"}],"version-history":[{"count":13,"href":"https:\/\/www.tecno-group.eu\/en\/wp-json\/wp\/v2\/pages\/86123\/revisions"}],"predecessor-version":[{"id":86266,"href":"https:\/\/www.tecno-group.eu\/en\/wp-json\/wp\/v2\/pages\/86123\/revisions\/86266"}],"wp:attachment":[{"href":"https:\/\/www.tecno-group.eu\/en\/wp-json\/wp\/v2\/media?parent=86123"}],"curies":[{"name":"wp","href":"https:\/\/api.w.org\/{rel}","templated":true}]}}