{"id":79698,"date":"2025-05-26T09:48:50","date_gmt":"2025-05-26T07:48:50","guid":{"rendered":"https:\/\/tecnogroup.online\/?page_id=79698"},"modified":"2025-07-22T11:36:32","modified_gmt":"2025-07-22T09:36:32","slug":"strategic-committee","status":"publish","type":"page","link":"https:\/\/www.tecno-group.eu\/en\/comitato-strategico\/","title":{"rendered":"Strategic Committee"},"content":{"rendered":"\t\t<div data-elementor-type=\"wp-page\" data-elementor-id=\"79698\" class=\"elementor elementor-79698\" data-elementor-post-type=\"page\">\n\t\t\t\t<div class=\"elementor-element elementor-element-e6aae6a e-con-full e-flex e-con e-parent\" data-id=\"e6aae6a\" data-element_type=\"container\" data-e-type=\"container\" data-settings=\"{&quot;background_background&quot;:&quot;classic&quot;}\">\n\t\t<div class=\"elementor-element elementor-element-28b51f9 e-con-full e-flex e-con e-child\" data-id=\"28b51f9\" data-element_type=\"container\" data-e-type=\"container\">\n\t\t<div class=\"elementor-element elementor-element-3d2051e e-con-full e-flex e-con e-child\" data-id=\"3d2051e\" data-element_type=\"container\" data-e-type=\"container\" data-settings=\"{&quot;background_background&quot;:&quot;classic&quot;}\">\n\t\t\t\t<div class=\"elementor-element elementor-element-e1356fe section-title text-dark-gray elementor-widget elementor-widget-heading\" data-id=\"e1356fe\" data-element_type=\"widget\" data-e-type=\"widget\" data-widget_type=\"heading.default\">\n\t\t\t\t\t<h2 class=\"elementor-heading-title elementor-size-default\">Governance<\/h2>\t\t\t\t<\/div>\n\t\t\t\t<div class=\"elementor-element elementor-element-d5c1a7c elementor-widget elementor-widget-text-editor\" data-id=\"d5c1a7c\" data-element_type=\"widget\" data-e-type=\"widget\" data-widget_type=\"text-editor.default\">\n\t\t\t\t\t\t\t\t\t<p>La sezione illustra il sistema di governo societario adottato dalla Societ\u00e0, fondato su principi di trasparenza, integrit\u00e0 e sostenibilit\u00e0, a supporto di una crescita responsabile, innovativa e orientata al lungo termine.<\/p>\t\t\t\t\t\t\t\t<\/div>\n\t\t\t\t<\/div>\n\t\t<div class=\"elementor-element elementor-element-6c0a0a9 e-con-full elementor-hidden-tablet elementor-hidden-mobile e-flex e-con e-child\" data-id=\"6c0a0a9\" data-element_type=\"container\" data-e-type=\"container\">\n\t\t\t\t<\/div>\n\t\t\t\t<\/div>\n\t\t\t\t<\/div>\n\t\t<div class=\"elementor-element elementor-element-f794282 e-flex e-con-boxed e-con e-parent\" data-id=\"f794282\" data-element_type=\"container\" data-e-type=\"container\" data-settings=\"{&quot;background_background&quot;:&quot;classic&quot;,&quot;sticky&quot;:&quot;top&quot;,&quot;sticky_offset_mobile&quot;:65,&quot;animation_mobile&quot;:&quot;fadeInDown&quot;,&quot;sticky_on&quot;:[&quot;desktop&quot;,&quot;tablet&quot;,&quot;mobile&quot;],&quot;sticky_offset&quot;:0,&quot;sticky_effects_offset&quot;:0,&quot;sticky_anchor_link_offset&quot;:0}\">\n\t\t\t\t\t<div class=\"e-con-inner\">\n\t\t<div class=\"elementor-element elementor-element-a357094 e-con-full e-flex e-con e-child\" data-id=\"a357094\" data-element_type=\"container\" data-e-type=\"container\" data-settings=\"{&quot;background_background&quot;:&quot;classic&quot;,&quot;sticky&quot;:&quot;top&quot;,&quot;sticky_offset_mobile&quot;:100,&quot;animation_mobile&quot;:&quot;fadeInDown&quot;,&quot;sticky_on&quot;:[&quot;desktop&quot;,&quot;tablet&quot;,&quot;mobile&quot;],&quot;sticky_offset&quot;:0,&quot;sticky_effects_offset&quot;:0,&quot;sticky_anchor_link_offset&quot;:0}\">\n\t\t<div class=\"elementor-element elementor-element-f360c34 e-con-full elementor-hidden-desktop e-flex e-con e-child\" data-id=\"f360c34\" data-element_type=\"container\" data-e-type=\"container\" data-settings=\"{&quot;sticky&quot;:&quot;top&quot;,&quot;sticky_offset_tablet&quot;:50,&quot;sticky_offset_mobile&quot;:0,&quot;animation_tablet&quot;:&quot;fadeInDown&quot;,&quot;sticky_on&quot;:[&quot;desktop&quot;,&quot;tablet&quot;,&quot;mobile&quot;],&quot;sticky_offset&quot;:0,&quot;sticky_effects_offset&quot;:0,&quot;sticky_anchor_link_offset&quot;:0}\">\n\t\t\t\t<div class=\"elementor-element elementor-element-43a2622 elementor-widget-tablet__width-auto elementor-widget elementor-widget-heading\" data-id=\"43a2622\" data-element_type=\"widget\" data-e-type=\"widget\" data-widget_type=\"heading.default\">\n\t\t\t\t\t<h2 class=\"elementor-heading-title elementor-size-default\">Governance<\/h2>\t\t\t\t<\/div>\n\t\t\t\t<div class=\"elementor-element elementor-element-10bf7b4 elementor-widget__width-initial elementor-nav-menu--stretch elementor-widget-tablet__width-auto elementor-widget-mobile__width-auto elementor-nav-menu__text-align-aside elementor-nav-menu--toggle elementor-nav-menu--burger elementor-widget elementor-widget-nav-menu\" data-id=\"10bf7b4\" data-element_type=\"widget\" data-e-type=\"widget\" data-settings=\"{&quot;layout&quot;:&quot;dropdown&quot;,&quot;full_width&quot;:&quot;stretch&quot;,&quot;submenu_icon&quot;:{&quot;value&quot;:&quot;&lt;svg aria-hidden=\\&quot;true\\&quot; class=\\&quot;e-font-icon-svg e-fas-caret-down\\&quot; viewBox=\\&quot;0 0 320 512\\&quot; xmlns=\\&quot;http:\\\/\\\/www.w3.org\\\/2000\\\/svg\\&quot;&gt;&lt;path d=\\&quot;M31.3 192h257.3c17.8 0 26.7 21.5 14.1 34.1L174.1 354.8c-7.8 7.8-20.5 7.8-28.3 0L17.2 226.1C4.6 213.5 13.5 192 31.3 192z\\&quot;&gt;&lt;\\\/path&gt;&lt;\\\/svg&gt;&quot;,&quot;library&quot;:&quot;fa-solid&quot;},&quot;toggle&quot;:&quot;burger&quot;}\" data-widget_type=\"nav-menu.default\">\n\t\t\t\t\t\t\t<div class=\"elementor-menu-toggle\" role=\"button\" tabindex=\"0\" aria-label=\"Menu Toggle\" aria-expanded=\"false\">\n\t\t\t<svg aria-hidden=\"true\" role=\"presentation\" class=\"elementor-menu-toggle__icon--open e-font-icon-svg e-fas-chevron-down\" viewBox=\"0 0 448 512\" xmlns=\"http:\/\/www.w3.org\/2000\/svg\"><path d=\"M207.029 381.476L12.686 187.132c-9.373-9.373-9.373-24.569 0-33.941l22.667-22.667c9.357-9.357 24.522-9.375 33.901-.04L224 284.505l154.745-154.021c9.379-9.335 24.544-9.317 33.901.04l22.667 22.667c9.373 9.373 9.373 24.569 0 33.941L240.971 381.476c-9.373 9.372-24.569 9.372-33.942 0z\"><\/path><\/svg><svg aria-hidden=\"true\" role=\"presentation\" class=\"elementor-menu-toggle__icon--close e-font-icon-svg e-eicon-close\" viewBox=\"0 0 1000 1000\" xmlns=\"http:\/\/www.w3.org\/2000\/svg\"><path d=\"M742 167L500 408 258 167C246 154 233 150 217 150 196 150 179 158 167 167 154 179 150 196 150 212 150 229 154 242 171 254L408 500 167 742C138 771 138 800 167 829 196 858 225 858 254 829L496 587 738 829C750 842 767 846 783 846 800 846 817 842 829 829 842 817 846 804 846 783 846 767 842 750 829 737L588 500 833 258C863 229 863 200 833 171 804 137 775 137 742 167Z\"><\/path><\/svg>\t\t<\/div>\n\t\t\t\t\t<nav class=\"elementor-nav-menu--dropdown elementor-nav-menu__container\" aria-hidden=\"true\">\n\t\t\t\t<ul id=\"menu-2-10bf7b4\" class=\"elementor-nav-menu\"><li class=\"menu-item menu-item-type-post_type menu-item-object-page menu-item-79329\"><a href=\"https:\/\/www.tecno-group.eu\/en\/organi-sociali\/\" class=\"elementor-item\" tabindex=\"-1\">Organi Sociali<\/a><\/li>\n<li class=\"menu-item menu-item-type-post_type menu-item-object-page menu-item-79700\"><a href=\"https:\/\/www.tecno-group.eu\/en\/comitato-strategico\/\" class=\"elementor-item\" tabindex=\"-1\">Comitato Strategico<\/a><\/li>\n<li class=\"menu-item menu-item-type-post_type menu-item-object-page menu-item-79707\"><a href=\"https:\/\/www.tecno-group.eu\/en\/comitato-scientifico\/\" class=\"elementor-item\" tabindex=\"-1\">Comitato Scientifico<\/a><\/li>\n<li class=\"menu-item menu-item-type-post_type menu-item-object-page menu-item-86137\"><a href=\"https:\/\/www.tecno-group.eu\/en\/comitato-esg\/\" class=\"elementor-item\" tabindex=\"-1\">Comitato ESG<\/a><\/li>\n<li class=\"menu-item menu-item-type-post_type menu-item-object-page menu-item-79717\"><a href=\"https:\/\/www.tecno-group.eu\/en\/comitato-protezione-dati\/\" class=\"elementor-item\" tabindex=\"-1\">Comitato Protezione dati<\/a><\/li>\n<li class=\"menu-item menu-item-type-post_type menu-item-object-page menu-item-79727\"><a href=\"https:\/\/www.tecno-group.eu\/en\/modello-231-e-odv\/\" class=\"elementor-item\" tabindex=\"-1\">Modello 231 e ODV<\/a><\/li>\n<li class=\"menu-item menu-item-type-post_type menu-item-object-page menu-item-86236\"><a href=\"https:\/\/www.tecno-group.eu\/en\/internal-dealing\/\" class=\"elementor-item\" tabindex=\"-1\">Internal Dealing<\/a><\/li>\n<li class=\"menu-item menu-item-type-post_type menu-item-object-page menu-item-79734\"><a href=\"https:\/\/www.tecno-group.eu\/en\/documenti\/\" class=\"elementor-item\" tabindex=\"-1\">Documenti<\/a><\/li>\n<\/ul>\t\t\t<\/nav>\n\t\t\t\t\t\t<\/div>\n\t\t\t\t<\/div>\n\t\t\t\t<\/div>\n\t\t\t\t\t<\/div>\n\t\t\t\t<\/div>\n\t\t<div class=\"elementor-element elementor-element-3f17baa e-con-full e-flex e-con e-parent\" data-id=\"3f17baa\" data-element_type=\"container\" data-e-type=\"container\">\n\t\t\t\t<div class=\"elementor-element elementor-element-1e39203 elementor-widget elementor-widget-html\" data-id=\"1e39203\" data-element_type=\"widget\" data-e-type=\"widget\" data-widget_type=\"html.default\">\n\t\t\t\t\t<div id=\"el-breadcrumbs\"><\/div>\n\n<script>\n  document.addEventListener('DOMContentLoaded', function(){\n    const path = window.location.pathname.split('\/').filter(p => p);\n    const container = document.getElementById('el-breadcrumbs');\n    if(!container) return;\n\n    const homeLink = '<a href=\"\/\">Home<\/a>';\n    const sep = ' \/ ';\n    let crumbs = [homeLink];\n\n    let accumulated = '\/';\n    path.forEach((segment, i) => {\n      accumulated += segment + '\/';\n      \/\/ Sostituisci trattini e maiuscole  \n      const name = segment.replace(\/-\/g, ' ').replace(\/\\b\\w\/g, l => l.toUpperCase());\n      if (i < path.length - 1) {\n        crumbs.push(`<a href=\"${accumulated}\">${name}<\/a>`);\n      } else {\n        crumbs.push(`<span>${name}<\/span>`);\n      }\n    });\n\n    container.innerHTML = '<nav class=\"el-breadcrumbs\" aria-label=\"Breadcrumb\">' \n                          + crumbs.join(sep) \n                          + '<\/nav>';\n  });\n<\/script>\n\t\t\t\t<\/div>\n\t\t\t\t<\/div>\n\t\t<div class=\"elementor-element elementor-element-aca0685 e-con-full e-flex e-con e-parent\" data-id=\"aca0685\" data-element_type=\"container\" data-e-type=\"container\">\n\t\t<div class=\"elementor-element elementor-element-a91bd54 e-con-full elementor-hidden-tablet elementor-hidden-mobile e-flex e-con e-child\" data-id=\"a91bd54\" data-element_type=\"container\" data-e-type=\"container\" data-settings=\"{&quot;background_background&quot;:&quot;classic&quot;,&quot;sticky&quot;:&quot;top&quot;,&quot;sticky_anchor_link_offset&quot;:5,&quot;sticky_parent&quot;:&quot;yes&quot;,&quot;sticky_offset&quot;:155,&quot;sticky_on&quot;:[&quot;desktop&quot;,&quot;tablet&quot;],&quot;sticky_effects_offset&quot;:0}\">\n\t\t<div class=\"elementor-element elementor-element-ab445ee e-con-full e-flex e-con e-child\" data-id=\"ab445ee\" data-element_type=\"container\" data-e-type=\"container\" data-settings=\"{&quot;background_background&quot;:&quot;classic&quot;}\">\n\t\t\t\t<div class=\"elementor-element elementor-element-60cbdec elementor-widget elementor-widget-heading\" data-id=\"60cbdec\" data-element_type=\"widget\" data-e-type=\"widget\" data-widget_type=\"heading.default\">\n\t\t\t\t\t<h2 class=\"elementor-heading-title elementor-size-default\">Governance<\/h2>\t\t\t\t<\/div>\n\t\t\t\t<\/div>\n\t\t<div class=\"elementor-element elementor-element-58fed32 e-con-full e-flex e-con e-child\" data-id=\"58fed32\" data-element_type=\"container\" data-e-type=\"container\" data-settings=\"{&quot;background_background&quot;:&quot;classic&quot;}\">\n\t\t\t\t<div class=\"elementor-element elementor-element-49bc52e elementor-widget__width-initial elementor-nav-menu--dropdown-tablet elementor-nav-menu__text-align-aside elementor-nav-menu--toggle elementor-nav-menu--burger elementor-widget elementor-widget-nav-menu\" data-id=\"49bc52e\" data-element_type=\"widget\" data-e-type=\"widget\" data-settings=\"{&quot;layout&quot;:&quot;vertical&quot;,&quot;submenu_icon&quot;:{&quot;value&quot;:&quot;&lt;svg aria-hidden=\\&quot;true\\&quot; class=\\&quot;e-font-icon-svg e-fas-caret-down\\&quot; viewBox=\\&quot;0 0 320 512\\&quot; xmlns=\\&quot;http:\\\/\\\/www.w3.org\\\/2000\\\/svg\\&quot;&gt;&lt;path d=\\&quot;M31.3 192h257.3c17.8 0 26.7 21.5 14.1 34.1L174.1 354.8c-7.8 7.8-20.5 7.8-28.3 0L17.2 226.1C4.6 213.5 13.5 192 31.3 192z\\&quot;&gt;&lt;\\\/path&gt;&lt;\\\/svg&gt;&quot;,&quot;library&quot;:&quot;fa-solid&quot;},&quot;toggle&quot;:&quot;burger&quot;}\" data-widget_type=\"nav-menu.default\">\n\t\t\t\t\t\t\t\t<nav aria-label=\"Menu\" class=\"elementor-nav-menu--main elementor-nav-menu__container elementor-nav-menu--layout-vertical e--pointer-underline e--animation-fade\">\n\t\t\t\t<ul id=\"menu-1-49bc52e\" class=\"elementor-nav-menu sm-vertical\"><li class=\"menu-item menu-item-type-post_type menu-item-object-page menu-item-79329\"><a href=\"https:\/\/www.tecno-group.eu\/en\/organi-sociali\/\" class=\"elementor-item\">Organi Sociali<\/a><\/li>\n<li class=\"menu-item menu-item-type-post_type menu-item-object-page menu-item-79700\"><a href=\"https:\/\/www.tecno-group.eu\/en\/comitato-strategico\/\" class=\"elementor-item\">Comitato Strategico<\/a><\/li>\n<li class=\"menu-item menu-item-type-post_type menu-item-object-page menu-item-79707\"><a href=\"https:\/\/www.tecno-group.eu\/en\/comitato-scientifico\/\" class=\"elementor-item\">Comitato Scientifico<\/a><\/li>\n<li class=\"menu-item menu-item-type-post_type menu-item-object-page menu-item-86137\"><a href=\"https:\/\/www.tecno-group.eu\/en\/comitato-esg\/\" class=\"elementor-item\">Comitato ESG<\/a><\/li>\n<li class=\"menu-item menu-item-type-post_type menu-item-object-page menu-item-79717\"><a href=\"https:\/\/www.tecno-group.eu\/en\/comitato-protezione-dati\/\" class=\"elementor-item\">Comitato Protezione dati<\/a><\/li>\n<li class=\"menu-item menu-item-type-post_type menu-item-object-page menu-item-79727\"><a href=\"https:\/\/www.tecno-group.eu\/en\/modello-231-e-odv\/\" class=\"elementor-item\">Modello 231 e ODV<\/a><\/li>\n<li class=\"menu-item menu-item-type-post_type menu-item-object-page menu-item-86236\"><a href=\"https:\/\/www.tecno-group.eu\/en\/internal-dealing\/\" class=\"elementor-item\">Internal Dealing<\/a><\/li>\n<li class=\"menu-item menu-item-type-post_type menu-item-object-page menu-item-79734\"><a href=\"https:\/\/www.tecno-group.eu\/en\/documenti\/\" class=\"elementor-item\">Documenti<\/a><\/li>\n<\/ul>\t\t\t<\/nav>\n\t\t\t\t\t<div class=\"elementor-menu-toggle\" role=\"button\" tabindex=\"0\" aria-label=\"Menu Toggle\" aria-expanded=\"false\">\n\t\t\t<svg aria-hidden=\"true\" role=\"presentation\" class=\"elementor-menu-toggle__icon--open e-font-icon-svg e-eicon-menu-bar\" viewBox=\"0 0 1000 1000\" xmlns=\"http:\/\/www.w3.org\/2000\/svg\"><path d=\"M104 333H896C929 333 958 304 958 271S929 208 896 208H104C71 208 42 237 42 271S71 333 104 333ZM104 583H896C929 583 958 554 958 521S929 458 896 458H104C71 458 42 487 42 521S71 583 104 583ZM104 833H896C929 833 958 804 958 771S929 708 896 708H104C71 708 42 737 42 771S71 833 104 833Z\"><\/path><\/svg><svg aria-hidden=\"true\" role=\"presentation\" class=\"elementor-menu-toggle__icon--close e-font-icon-svg e-eicon-close\" viewBox=\"0 0 1000 1000\" xmlns=\"http:\/\/www.w3.org\/2000\/svg\"><path d=\"M742 167L500 408 258 167C246 154 233 150 217 150 196 150 179 158 167 167 154 179 150 196 150 212 150 229 154 242 171 254L408 500 167 742C138 771 138 800 167 829 196 858 225 858 254 829L496 587 738 829C750 842 767 846 783 846 800 846 817 842 829 829 842 817 846 804 846 783 846 767 842 750 829 737L588 500 833 258C863 229 863 200 833 171 804 137 775 137 742 167Z\"><\/path><\/svg>\t\t<\/div>\n\t\t\t\t\t<nav class=\"elementor-nav-menu--dropdown elementor-nav-menu__container\" aria-hidden=\"true\">\n\t\t\t\t<ul id=\"menu-2-49bc52e\" class=\"elementor-nav-menu sm-vertical\"><li class=\"menu-item menu-item-type-post_type menu-item-object-page menu-item-79329\"><a href=\"https:\/\/www.tecno-group.eu\/en\/organi-sociali\/\" class=\"elementor-item\" tabindex=\"-1\">Organi Sociali<\/a><\/li>\n<li class=\"menu-item menu-item-type-post_type menu-item-object-page menu-item-79700\"><a href=\"https:\/\/www.tecno-group.eu\/en\/comitato-strategico\/\" class=\"elementor-item\" tabindex=\"-1\">Comitato Strategico<\/a><\/li>\n<li class=\"menu-item menu-item-type-post_type menu-item-object-page menu-item-79707\"><a href=\"https:\/\/www.tecno-group.eu\/en\/comitato-scientifico\/\" class=\"elementor-item\" tabindex=\"-1\">Comitato Scientifico<\/a><\/li>\n<li class=\"menu-item menu-item-type-post_type menu-item-object-page menu-item-86137\"><a href=\"https:\/\/www.tecno-group.eu\/en\/comitato-esg\/\" class=\"elementor-item\" tabindex=\"-1\">Comitato ESG<\/a><\/li>\n<li class=\"menu-item menu-item-type-post_type menu-item-object-page menu-item-79717\"><a href=\"https:\/\/www.tecno-group.eu\/en\/comitato-protezione-dati\/\" class=\"elementor-item\" tabindex=\"-1\">Comitato Protezione dati<\/a><\/li>\n<li class=\"menu-item menu-item-type-post_type menu-item-object-page menu-item-79727\"><a href=\"https:\/\/www.tecno-group.eu\/en\/modello-231-e-odv\/\" class=\"elementor-item\" tabindex=\"-1\">Modello 231 e ODV<\/a><\/li>\n<li class=\"menu-item menu-item-type-post_type menu-item-object-page menu-item-86236\"><a href=\"https:\/\/www.tecno-group.eu\/en\/internal-dealing\/\" class=\"elementor-item\" tabindex=\"-1\">Internal Dealing<\/a><\/li>\n<li class=\"menu-item menu-item-type-post_type menu-item-object-page menu-item-79734\"><a href=\"https:\/\/www.tecno-group.eu\/en\/documenti\/\" class=\"elementor-item\" tabindex=\"-1\">Documenti<\/a><\/li>\n<\/ul>\t\t\t<\/nav>\n\t\t\t\t\t\t<\/div>\n\t\t\t\t<\/div>\n\t\t\t\t<\/div>\n\t\t<div class=\"elementor-element elementor-element-a40e4c2 e-con-full e-flex e-con e-child\" data-id=\"a40e4c2\" data-element_type=\"container\" data-e-type=\"container\" data-settings=\"{&quot;background_background&quot;:&quot;classic&quot;}\">\n\t\t<div class=\"elementor-element elementor-element-3615b10 e-con-full e-flex e-con e-child\" data-id=\"3615b10\" data-element_type=\"container\" data-e-type=\"container\">\n\t\t\t\t<div class=\"elementor-element elementor-element-25cc49c elementor-widget__width-auto elementor-widget elementor-widget-heading\" data-id=\"25cc49c\" data-element_type=\"widget\" data-e-type=\"widget\" data-widget_type=\"heading.default\">\n\t\t\t\t\t<h2 class=\"elementor-heading-title elementor-size-default\">Comitato Strategico<\/h2>\t\t\t\t<\/div>\n\t\t\t\t<div class=\"elementor-element elementor-element-7903251 elementor-widget elementor-widget-text-editor\" data-id=\"7903251\" data-element_type=\"widget\" data-e-type=\"widget\" data-widget_type=\"text-editor.default\">\n\t\t\t\t\t\t\t\t\t<p><span style=\"font-weight: 400;\">Il Comitato Strategico assiste il Consiglio di Amministrazione nell\u2019analisi e nella definizione delle linee di sviluppo industriale e finanziario del Gruppo. Formula raccomandazioni su operazioni straordinarie, investimenti strategici, evoluzione del modello di business e posizionamento competitivo. Svolge attivit\u00e0 di approfondimento su scenari macroeconomici, trend settoriali e innovazione, contribuendo a garantire coerenza tra visione di lungo periodo e scelte operative, in un\u2019ottica di creazione di valore sostenibile per tutti gli stakeholder.<\/span><\/p>\t\t\t\t\t\t\t\t<\/div>\n\t\t\t\t<\/div>\n\t\t<div class=\"elementor-element elementor-element-85060f5 e-con-full e-flex e-con e-child\" data-id=\"85060f5\" data-element_type=\"container\" data-e-type=\"container\">\n\t\t\t\t<div class=\"elementor-element elementor-element-d1b09af elementor-widget elementor-widget-heading\" data-id=\"d1b09af\" data-element_type=\"widget\" data-e-type=\"widget\" data-widget_type=\"heading.default\">\n\t\t\t\t\t<h2 class=\"elementor-heading-title elementor-size-default\">Prof. Giorgio Ventre<\/h2>\t\t\t\t<\/div>\n\t\t\t\t<div class=\"elementor-element elementor-element-4ad87e3 elementor-widget elementor-widget-text-editor\" data-id=\"4ad87e3\" data-element_type=\"widget\" data-e-type=\"widget\" data-widget_type=\"text-editor.default\">\n\t\t\t\t\t\t\t\t\t<p>Professore ordinario presso il Dipartimento di Ingegneria Elettrica e delle Tecnologie dell\u2019Informazione dell\u2019Universit\u00e0 di Napoli Federico II, dove \u00e8 titolare dei corsi di Reti di Calcolatori. \u00c8 Direttore Scientifico della Apple Developer Academy e ha ricoperto il ruolo di Direttore del Dipartimento per due mandati consecutivi. Attualmente \u00e8 Amministratore dell\u2019Incubatore di Ateneo. La sua attivit\u00e0 di ricerca si concentra su sistemi distribuiti, architetture di rete, cybersecurity e sviluppo di Internet. Ha promosso numerose iniziative di alta formazione e innovazione, ed \u00e8 stato coinvolto in progetti di trasferimento tecnologico e creazione di startup. Collabora con enti nazionali e internazionali su tematiche di policy e governance delle tecnologie digitali.<\/p>\t\t\t\t\t\t\t\t<\/div>\n\t\t\t\t<\/div>\n\t\t<div class=\"elementor-element elementor-element-bed7b45 e-con-full e-flex e-con e-child\" data-id=\"bed7b45\" data-element_type=\"container\" data-e-type=\"container\">\n\t\t\t\t<div class=\"elementor-element elementor-element-9645b2d elementor-widget elementor-widget-heading\" data-id=\"9645b2d\" data-element_type=\"widget\" data-e-type=\"widget\" data-widget_type=\"heading.default\">\n\t\t\t\t\t<h2 class=\"elementor-heading-title elementor-size-default\">Prof. Paolo Taticchi\n<\/h2>\t\t\t\t<\/div>\n\t\t\t\t<div class=\"elementor-element elementor-element-a8fe16f elementor-widget elementor-widget-text-editor\" data-id=\"a8fe16f\" data-element_type=\"widget\" data-e-type=\"widget\" data-widget_type=\"text-editor.default\">\n\t\t\t\t\t\t\t\t\t<p class=\"p2\">Paolo Taticchi \u00e8 Professore di Strategia e Sostenibilit\u00e0 e Vice Preside presso la UCL School of Management, dove co-dirige lo UCL Centre for Sustainable Business. Esperto di fama mondiale nei temi di sostenibilit\u00e0 e strategia aziendale, ha formato migliaia di dirigenti di aziende Fortune 500, insegnato nelle principali business school del mondo e sviluppato progetti aziendali in cinque continenti. La sua ricerca, ampiamente citata, include oltre 50 pubblicazioni e libri come <i>How to Be Sustainable <\/i>(2025) e <i>Disruption <\/i>(2023). Nel 2025, la sua ricerca sull\u2019impact investing \u00e8 stata altamente lodata dal <i>Financial Times <\/i>per il suo impatto concreto. Relatore e consulente molto richiesto, ha tenuto oltre 250 conferenze con pi\u00f9 di 100.000 partecipanti e collabora con diversi advisory board internazionali. Come imprenditore, ha co-fondato quattro societ\u00e0 di consulenza e sviluppato importanti progetti internazionali. I suoi riconoscimenti includono <i>Poets &amp; Quants <\/i>\u201cTop 40 Under 40 Business Professors in the World\u201d (2018), la menzione del <i>Sole 24 Ore <\/i>come l&#8217;italiano under 40 pi\u00f9 influente (2021-23) e l\u2019inclusione nella <i>Thinkers50 Radar List <\/i>(2025).<\/p>\t\t\t\t\t\t\t\t<\/div>\n\t\t\t\t<\/div>\n\t\t\t\t<\/div>\n\t\t\t\t<\/div>\n\t\t\t\t<\/div>\n\t\t","protected":false},"excerpt":{"rendered":"<p>Governance La sezione illustra il sistema di governo societario adottato dalla Societ\u00e0, fondato su principi di trasparenza, integrit\u00e0 e sostenibilit\u00e0, a supporto di una crescita responsabile, innovativa e orientata al lungo termine. Governance Governance Comitato Strategico Il Comitato Strategico assiste il Consiglio di Amministrazione nell\u2019analisi e nella definizione delle linee di sviluppo industriale e finanziario [&hellip;]<\/p>\n","protected":false},"author":1,"featured_media":0,"parent":0,"menu_order":0,"comment_status":"closed","ping_status":"closed","template":"","meta":{"_acf_changed":false,"inline_featured_image":false,"footnotes":""},"class_list":["post-79698","page","type-page","status-publish","hentry"],"acf":[],"_links":{"self":[{"href":"https:\/\/www.tecno-group.eu\/en\/wp-json\/wp\/v2\/pages\/79698","targetHints":{"allow":["GET"]}}],"collection":[{"href":"https:\/\/www.tecno-group.eu\/en\/wp-json\/wp\/v2\/pages"}],"about":[{"href":"https:\/\/www.tecno-group.eu\/en\/wp-json\/wp\/v2\/types\/page"}],"author":[{"embeddable":true,"href":"https:\/\/www.tecno-group.eu\/en\/wp-json\/wp\/v2\/users\/1"}],"replies":[{"embeddable":true,"href":"https:\/\/www.tecno-group.eu\/en\/wp-json\/wp\/v2\/comments?post=79698"}],"version-history":[{"count":24,"href":"https:\/\/www.tecno-group.eu\/en\/wp-json\/wp\/v2\/pages\/79698\/revisions"}],"predecessor-version":[{"id":86260,"href":"https:\/\/www.tecno-group.eu\/en\/wp-json\/wp\/v2\/pages\/79698\/revisions\/86260"}],"wp:attachment":[{"href":"https:\/\/www.tecno-group.eu\/en\/wp-json\/wp\/v2\/media?parent=79698"}],"curies":[{"name":"wp","href":"https:\/\/api.w.org\/{rel}","templated":true}]}}