{"id":2097,"date":"2024-05-22T11:09:28","date_gmt":"2024-05-22T09:09:28","guid":{"rendered":"https:\/\/dev.tecno-group.eu\/?page_id=2097"},"modified":"2026-03-24T14:52:19","modified_gmt":"2026-03-24T13:52:19","slug":"carbon-management","status":"publish","type":"page","link":"https:\/\/www.tecno-group.eu\/en\/cosa-facciamo\/sustainable-transformation\/carbon-management\/","title":{"rendered":"Carbon management"},"content":{"rendered":"\t\t<div data-elementor-type=\"wp-page\" data-elementor-id=\"2097\" class=\"elementor elementor-2097\" data-elementor-post-type=\"page\">\n\t\t\t\t<div class=\"elementor-element elementor-element-a25b7d3 e-con-full e-flex e-con e-parent\" data-id=\"a25b7d3\" data-element_type=\"container\" data-e-type=\"container\" data-settings=\"{&quot;background_background&quot;:&quot;classic&quot;}\">\n\t\t<div class=\"elementor-element elementor-element-d2bbcf8 header-background-section e-con-full e-flex e-con e-child\" data-id=\"d2bbcf8\" data-element_type=\"container\" data-e-type=\"container\" data-settings=\"{&quot;background_background&quot;:&quot;classic&quot;}\">\n\t\t<div class=\"elementor-element elementor-element-ba0bfe0 e-flex e-con-boxed e-con e-child\" data-id=\"ba0bfe0\" data-element_type=\"container\" data-e-type=\"container\">\n\t\t\t\t\t<div class=\"e-con-inner\">\n\t\t\t\t<div class=\"elementor-element elementor-element-b2a9c80 elementor-widget__width-initial elementor-widget elementor-widget-heading\" data-id=\"b2a9c80\" data-element_type=\"widget\" data-e-type=\"widget\" data-widget_type=\"heading.default\">\n\t\t\t\t\t<h2 class=\"elementor-heading-title elementor-size-default\">Carbon Management: lo strumento migliore per raggiungere la <b>neutralit\u00e0 carbonica.<\/b><\/h2>\t\t\t\t<\/div>\n\t\t\t\t\t<\/div>\n\t\t\t\t<\/div>\n\t\t\t\t<\/div>\n\t\t\t\t<\/div>\n\t\t<div class=\"elementor-element elementor-element-47f8a9a elementor-hidden-desktop e-flex e-con-boxed e-con e-parent\" data-id=\"47f8a9a\" data-element_type=\"container\" data-e-type=\"container\" data-settings=\"{&quot;background_background&quot;:&quot;classic&quot;,&quot;sticky&quot;:&quot;top&quot;,&quot;sticky_offset_mobile&quot;:65,&quot;animation_mobile&quot;:&quot;fadeInDown&quot;,&quot;sticky_on&quot;:[&quot;desktop&quot;,&quot;tablet&quot;,&quot;mobile&quot;],&quot;sticky_offset&quot;:0,&quot;sticky_effects_offset&quot;:0,&quot;sticky_anchor_link_offset&quot;:0}\">\n\t\t\t\t\t<div class=\"e-con-inner\">\n\t\t<div class=\"elementor-element elementor-element-b81f476 e-con-full e-flex e-con e-child\" data-id=\"b81f476\" data-element_type=\"container\" data-e-type=\"container\" data-settings=\"{&quot;background_background&quot;:&quot;classic&quot;,&quot;sticky&quot;:&quot;top&quot;,&quot;sticky_offset_mobile&quot;:100,&quot;animation_mobile&quot;:&quot;fadeInDown&quot;,&quot;sticky_on&quot;:[&quot;desktop&quot;,&quot;tablet&quot;,&quot;mobile&quot;],&quot;sticky_offset&quot;:0,&quot;sticky_effects_offset&quot;:0,&quot;sticky_anchor_link_offset&quot;:0}\">\n\t\t<div class=\"elementor-element elementor-element-35589d9 e-con-full e-flex e-con e-child\" data-id=\"35589d9\" data-element_type=\"container\" data-e-type=\"container\" data-settings=\"{&quot;sticky&quot;:&quot;top&quot;,&quot;sticky_offset_tablet&quot;:50,&quot;sticky_offset_mobile&quot;:0,&quot;animation_tablet&quot;:&quot;fadeInDown&quot;,&quot;sticky_on&quot;:[&quot;desktop&quot;,&quot;tablet&quot;,&quot;mobile&quot;],&quot;sticky_offset&quot;:0,&quot;sticky_effects_offset&quot;:0,&quot;sticky_anchor_link_offset&quot;:0}\">\n\t\t\t\t<div class=\"elementor-element elementor-element-23a4435 elementor-widget-tablet__width-auto elementor-widget elementor-widget-heading\" data-id=\"23a4435\" data-element_type=\"widget\" data-e-type=\"widget\" data-widget_type=\"heading.default\">\n\t\t\t\t\t<h2 class=\"elementor-heading-title elementor-size-default\">Carbon Management<\/h2>\t\t\t\t<\/div>\n\t\t\t\t<div class=\"elementor-element elementor-element-fac961d elementor-widget__width-initial elementor-nav-menu--stretch elementor-widget-tablet__width-auto elementor-widget-mobile__width-auto elementor-nav-menu__text-align-aside elementor-nav-menu--toggle elementor-nav-menu--burger elementor-widget elementor-widget-nav-menu\" data-id=\"fac961d\" data-element_type=\"widget\" data-e-type=\"widget\" data-settings=\"{&quot;layout&quot;:&quot;dropdown&quot;,&quot;full_width&quot;:&quot;stretch&quot;,&quot;submenu_icon&quot;:{&quot;value&quot;:&quot;&lt;svg aria-hidden=\\&quot;true\\&quot; class=\\&quot;e-font-icon-svg e-fas-caret-down\\&quot; viewBox=\\&quot;0 0 320 512\\&quot; xmlns=\\&quot;http:\\\/\\\/www.w3.org\\\/2000\\\/svg\\&quot;&gt;&lt;path d=\\&quot;M31.3 192h257.3c17.8 0 26.7 21.5 14.1 34.1L174.1 354.8c-7.8 7.8-20.5 7.8-28.3 0L17.2 226.1C4.6 213.5 13.5 192 31.3 192z\\&quot;&gt;&lt;\\\/path&gt;&lt;\\\/svg&gt;&quot;,&quot;library&quot;:&quot;fa-solid&quot;},&quot;toggle&quot;:&quot;burger&quot;}\" data-widget_type=\"nav-menu.default\">\n\t\t\t\t\t\t\t<div class=\"elementor-menu-toggle\" role=\"button\" tabindex=\"0\" aria-label=\"Menu Toggle\" aria-expanded=\"false\">\n\t\t\t<svg aria-hidden=\"true\" role=\"presentation\" class=\"elementor-menu-toggle__icon--open e-font-icon-svg e-fas-chevron-down\" viewBox=\"0 0 448 512\" xmlns=\"http:\/\/www.w3.org\/2000\/svg\"><path d=\"M207.029 381.476L12.686 187.132c-9.373-9.373-9.373-24.569 0-33.941l22.667-22.667c9.357-9.357 24.522-9.375 33.901-.04L224 284.505l154.745-154.021c9.379-9.335 24.544-9.317 33.901.04l22.667 22.667c9.373 9.373 9.373 24.569 0 33.941L240.971 381.476c-9.373 9.372-24.569 9.372-33.942 0z\"><\/path><\/svg><svg aria-hidden=\"true\" role=\"presentation\" class=\"elementor-menu-toggle__icon--close e-font-icon-svg e-eicon-close\" viewBox=\"0 0 1000 1000\" xmlns=\"http:\/\/www.w3.org\/2000\/svg\"><path d=\"M742 167L500 408 258 167C246 154 233 150 217 150 196 150 179 158 167 167 154 179 150 196 150 212 150 229 154 242 171 254L408 500 167 742C138 771 138 800 167 829 196 858 225 858 254 829L496 587 738 829C750 842 767 846 783 846 800 846 817 842 829 829 842 817 846 804 846 783 846 767 842 750 829 737L588 500 833 258C863 229 863 200 833 171 804 137 775 137 742 167Z\"><\/path><\/svg>\t\t<\/div>\n\t\t\t\t\t<nav class=\"elementor-nav-menu--dropdown elementor-nav-menu__container\" aria-hidden=\"true\">\n\t\t\t\t<ul id=\"menu-2-fac961d\" class=\"elementor-nav-menu\"><li class=\"menu-item menu-item-type-post_type menu-item-object-page menu-item-81659\"><a href=\"https:\/\/www.tecno-group.eu\/en\/cosa-facciamo\/sustainable-transformation\/carbon-management\/carbon-footprint-prodotto-organizzazione\/\" class=\"elementor-item\" tabindex=\"-1\">Carbon Footprint \u2013 Prodotto Organizzazione<\/a><\/li>\n<li class=\"menu-item menu-item-type-post_type menu-item-object-page menu-item-81660\"><a href=\"https:\/\/www.tecno-group.eu\/en\/cosa-facciamo\/sustainable-transformation\/carbon-management\/certificazione-epd\/\" class=\"elementor-item\" tabindex=\"-1\">Certificazione EPD<\/a><\/li>\n<\/ul>\t\t\t<\/nav>\n\t\t\t\t\t\t<\/div>\n\t\t\t\t<\/div>\n\t\t\t\t<\/div>\n\t\t\t\t\t<\/div>\n\t\t\t\t<\/div>\n\t\t<div class=\"elementor-element elementor-element-216921e e-con-full e-flex e-con e-parent\" data-id=\"216921e\" data-element_type=\"container\" data-e-type=\"container\">\n\t\t\t\t<div class=\"elementor-element elementor-element-ada5895 elementor-widget elementor-widget-html\" data-id=\"ada5895\" data-element_type=\"widget\" data-e-type=\"widget\" data-widget_type=\"html.default\">\n\t\t\t\t\t<div id=\"el-breadcrumbs\"><\/div>\n\n<script>\n  document.addEventListener('DOMContentLoaded', function(){\n    const path = window.location.pathname.split('\/').filter(p => p);\n    const container = document.getElementById('el-breadcrumbs');\n    if(!container) return;\n\n    const homeLink = '<a href=\"\/\">Home<\/a>';\n    const sep = ' \/ ';\n    let crumbs = [homeLink];\n\n    let accumulated = '\/';\n    path.forEach((segment, i) => {\n      accumulated += segment + '\/';\n      \/\/ Sostituisci trattini e maiuscole  \n      const name = segment.replace(\/-\/g, ' ').replace(\/\\b\\w\/g, l => l.toUpperCase());\n      if (i < path.length - 1) {\n        crumbs.push(`<a href=\"${accumulated}\">${name}<\/a>`);\n      } else {\n        crumbs.push(`<span>${name}<\/span>`);\n      }\n    });\n\n    container.innerHTML = '<nav class=\"el-breadcrumbs\" aria-label=\"Breadcrumb\">' \n                          + crumbs.join(sep) \n                          + '<\/nav>';\n  });\n<\/script>\n\t\t\t\t<\/div>\n\t\t\t\t<\/div>\n\t\t<div class=\"elementor-element elementor-element-42bad84 e-con-full dark-white-tecno e-flex e-con e-parent\" data-id=\"42bad84\" data-element_type=\"container\" data-e-type=\"container\">\n\t\t<div class=\"elementor-element elementor-element-992a1b4 e-con-full e-flex e-con e-child\" data-id=\"992a1b4\" data-element_type=\"container\" data-e-type=\"container\" data-settings=\"{&quot;background_background&quot;:&quot;classic&quot;}\">\n\t\t\t\t<div class=\"elementor-element elementor-element-f61e1c5 elementor-widget__width-initial elementor-widget elementor-widget-text-editor\" data-id=\"f61e1c5\" data-element_type=\"widget\" data-e-type=\"widget\" data-widget_type=\"text-editor.default\">\n\t\t\t\t\t\t\t\t\t<p>I processi di Carbon Footprint accounting condotti dalle aziende seguono gli obiettivi NetZero perseguiti dalle istituzioni nazionali ed internazionali, e rappresentano uno dei fattori principali dell\u2019approccio sostenibile che regge i criteri Environmental, Social e Governance.<\/p>\t\t\t\t\t\t\t\t<\/div>\n\t\t\t\t<div class=\"elementor-element elementor-element-c189073 elementor-widget__width-initial elementor-widget elementor-widget-text-editor\" data-id=\"c189073\" data-element_type=\"widget\" data-e-type=\"widget\" data-widget_type=\"text-editor.default\">\n\t\t\t\t\t\t\t\t\tGli interventi di riduzione e mitigazione delle emissioni di gas a effetto serra rappresentano la base di un\u2019efficiente carbon strategy, che tiene conto delle caratteristiche specifiche dell\u2019attivit\u00e0 aziendale svolta.\n<br><br>\nRidurre e gestire in maniera sostenibile ed efficiente l\u2019uso di combustibili fossili \u00e8 parte integrante di una buona profilo ESG: con i nostri strumenti di misurazione e il supporto dei nostri esperti ti aiutiamo ad elaborare un piano di carbon management su misura.\t\t\t\t\t\t\t\t<\/div>\n\t\t\t\t<\/div>\n\t\t\t\t<\/div>\n\t\t<div class=\"elementor-element elementor-element-bbdcd1a e-con-full dark-white-tecno e-flex e-con e-parent\" data-id=\"bbdcd1a\" data-element_type=\"container\" data-e-type=\"container\">\n\t\t\t\t<div class=\"elementor-element elementor-element-31c5269 elementor-widget elementor-widget-heading\" data-id=\"31c5269\" data-element_type=\"widget\" data-e-type=\"widget\" data-widget_type=\"heading.default\">\n\t\t\t\t\t<div class=\"elementor-heading-title elementor-size-default\">I nostri strumenti di <span class=\"playfair\">carbon management<\/span><\/div>\t\t\t\t<\/div>\n\t\t<div class=\"elementor-element elementor-element-3d84ec1 e-con-full e-flex e-con e-child\" data-id=\"3d84ec1\" data-element_type=\"container\" data-e-type=\"container\">\n\t\t<div class=\"elementor-element elementor-element-3f85339 e-con-full e-flex e-con e-child\" data-id=\"3f85339\" data-element_type=\"container\" data-e-type=\"container\">\n\t\t\t\t<div class=\"elementor-element elementor-element-1d0083a elementor-flip-box--direction-right elementor-flip-box--3d elementor-flip-box--effect-flip elementor-widget elementor-widget-flip-box\" data-id=\"1d0083a\" data-element_type=\"widget\" data-e-type=\"widget\" data-widget_type=\"flip-box.default\">\n\t\t\t\t\t\t\t<div class=\"elementor-flip-box\" tabindex=\"0\">\n\t\t\t<div class=\"elementor-flip-box__layer elementor-flip-box__front\">\n\t\t\t\t<div class=\"elementor-flip-box__layer__overlay\">\n\t\t\t\t\t<div class=\"elementor-flip-box__layer__inner\">\n\t\t\t\t\t\t\t\t\t\t\t\t\t<div class=\"elementor-icon-wrapper elementor-view-framed elementor-shape-circle\">\n\t\t\t\t\t\t\t\t<div class=\"elementor-icon\">\n\t\t\t\t\t\t\t\t\t<svg xmlns=\"http:\/\/www.w3.org\/2000\/svg\" width=\"25\" height=\"25\" viewBox=\"0 0 25 25\"><g id=\"Raggruppa_62848\" data-name=\"Raggruppa 62848\" transform=\"translate(-1501 -2813)\"><line id=\"Linea_285\" data-name=\"Linea 285\" y2=\"24\" transform=\"translate(1513.5 2813.5)\" fill=\"none\" stroke=\"#fff\" stroke-linecap=\"round\" stroke-width=\"1\"><\/line><line id=\"Linea_286\" data-name=\"Linea 286\" y2=\"24\" transform=\"translate(1525.5 2825.5) rotate(90)\" fill=\"none\" stroke=\"#fff\" stroke-linecap=\"round\" stroke-width=\"1\"><\/line><\/g><\/svg>\t\t\t\t\t\t\t\t<\/div>\n\t\t\t\t\t\t\t<\/div>\n\t\t\t\t\t\t\n\t\t\t\t\t\t\t\t\t\t\t\t\t<h2 class=\"elementor-flip-box__layer__title\">\n\t\t\t\t\t\t\t\tCARBON FOOTPRINT\t\t\t\t\t\t\t<\/h2>\n\t\t\t\t\t\t\n\t\t\t\t\t\t\t\t\t\t\t<\/div>\n\t\t\t\t<\/div>\n\t\t\t<\/div>\n\t\t\t<a class=\"elementor-flip-box__layer elementor-flip-box__back\" href=\"https:\/\/www.tecno-group.eu\/en\/cosa-facciamo\/sustainable-transformation\/carbon-management\/carbon-footprint-prodotto-organizzazione\/\">\n\t\t\t<div class=\"elementor-flip-box__layer__overlay\">\n\t\t\t\t<div class=\"elementor-flip-box__layer__inner\">\n\t\t\t\t\t\t\t\t\t\t\t<h2 class=\"elementor-flip-box__layer__title\">\n\t\t\t\t\t\t\tCarbon Footprint Prodotto \/ Organizzazione\t\t\t\t\t\t<\/h2>\n\t\t\t\t\t\n\t\t\t\t\t\t\t\t\t\t\t<div class=\"elementor-flip-box__layer__description\">\n\t\t\t\t\t\t\tMisuriamo l\u2019impronta di carbonio relativa a prodotti e servizi offerti dalla tua azienda, e dell\u2019intera organizzazione, considerando la quantit\u00e0 di emissioni di CO2 dirette ed indirette; lo scopo \u00e8 quello di elaborare una corretta strategia di compensazione, volta a raggiungere la neutralit\u00e0 carbonica.\t\t\t\t\t\t<\/div>\n\t\t\t\t\t\n\t\t\t\t\t\t\t\t\t\t\t<span class=\"elementor-flip-box__button elementor-button elementor-size-sm\">\n\t\t\t\t\t\t\tScopri il servizio\t\t\t\t\t\t<\/span>\n\t\t\t\t\t\t\t\t<\/div>\n\t\t<\/div>\n\t\t<\/a>\n\t\t<\/div>\n\t\t\t\t\t\t<\/div>\n\t\t\t\t<\/div>\n\t\t<div class=\"elementor-element elementor-element-777a4e7 e-con-full e-flex e-con e-child\" data-id=\"777a4e7\" data-element_type=\"container\" data-e-type=\"container\">\n\t\t\t\t<div class=\"elementor-element elementor-element-9495856 elementor-flip-box--direction-right elementor-flip-box--3d elementor-flip-box--effect-flip elementor-widget elementor-widget-flip-box\" data-id=\"9495856\" data-element_type=\"widget\" data-e-type=\"widget\" data-widget_type=\"flip-box.default\">\n\t\t\t\t\t\t\t<div class=\"elementor-flip-box\" tabindex=\"0\">\n\t\t\t<div class=\"elementor-flip-box__layer elementor-flip-box__front\">\n\t\t\t\t<div class=\"elementor-flip-box__layer__overlay\">\n\t\t\t\t\t<div class=\"elementor-flip-box__layer__inner\">\n\t\t\t\t\t\t\t\t\t\t\t\t\t<div class=\"elementor-icon-wrapper elementor-view-framed elementor-shape-circle\">\n\t\t\t\t\t\t\t\t<div class=\"elementor-icon\">\n\t\t\t\t\t\t\t\t\t<svg xmlns=\"http:\/\/www.w3.org\/2000\/svg\" width=\"25\" height=\"25\" viewBox=\"0 0 25 25\"><g id=\"Raggruppa_62848\" data-name=\"Raggruppa 62848\" transform=\"translate(-1501 -2813)\"><line id=\"Linea_285\" data-name=\"Linea 285\" y2=\"24\" transform=\"translate(1513.5 2813.5)\" fill=\"none\" stroke=\"#fff\" stroke-linecap=\"round\" stroke-width=\"1\"><\/line><line id=\"Linea_286\" data-name=\"Linea 286\" y2=\"24\" transform=\"translate(1525.5 2825.5) rotate(90)\" fill=\"none\" stroke=\"#fff\" stroke-linecap=\"round\" stroke-width=\"1\"><\/line><\/g><\/svg>\t\t\t\t\t\t\t\t<\/div>\n\t\t\t\t\t\t\t<\/div>\n\t\t\t\t\t\t\n\t\t\t\t\t\t\t\t\t\t\t\t\t<h2 class=\"elementor-flip-box__layer__title\">\n\t\t\t\t\t\t\t\tCERTIFICAZIONE EPD\t\t\t\t\t\t\t<\/h2>\n\t\t\t\t\t\t\n\t\t\t\t\t\t\t\t\t\t\t<\/div>\n\t\t\t\t<\/div>\n\t\t\t<\/div>\n\t\t\t<a class=\"elementor-flip-box__layer elementor-flip-box__back\" href=\"https:\/\/www.tecno-group.eu\/en\/cosa-facciamo\/sustainable-transformation\/carbon-management\/certificazione-epd\/\">\n\t\t\t<div class=\"elementor-flip-box__layer__overlay\">\n\t\t\t\t<div class=\"elementor-flip-box__layer__inner\">\n\t\t\t\t\t\t\t\t\t\t\t<h2 class=\"elementor-flip-box__layer__title\">\n\t\t\t\t\t\t\tCertificazione EPD\t\t\t\t\t\t<\/h2>\n\t\t\t\t\t\n\t\t\t\t\t\t\t\t\t\t\t<div class=\"elementor-flip-box__layer__description\">\n\t\t\t\t\t\t\tTi supportiamo nelle analisi quantitative e qualitative, come la Life Cycle Assessment, per il rilascio della Dichiarazione Ambientale di Prodotto: un documento essenziale, che attesta l\u2019impatto che un prodotto \/ servizio ha sull\u2019ambiente durante ogni fase del suo ciclo di vita.\t\t\t\t\t\t<\/div>\n\t\t\t\t\t\n\t\t\t\t\t\t\t\t\t\t\t<span class=\"elementor-flip-box__button elementor-button elementor-size-sm\">\n\t\t\t\t\t\t\tScopri il servizio\t\t\t\t\t\t<\/span>\n\t\t\t\t\t\t\t\t<\/div>\n\t\t<\/div>\n\t\t<\/a>\n\t\t<\/div>\n\t\t\t\t\t\t<\/div>\n\t\t\t\t<\/div>\n\t\t\t\t<\/div>\n\t\t\t\t<\/div>\n\t\t<div class=\"elementor-element elementor-element-cd793de e-con-full dark-white-tecno e-flex e-con e-parent\" data-id=\"cd793de\" data-element_type=\"container\" data-e-type=\"container\">\n\t\t<div class=\"elementor-element elementor-element-f3b3cc4 e-con-full e-flex e-con e-child\" data-id=\"f3b3cc4\" data-element_type=\"container\" data-e-type=\"container\">\n\t\t\t\t<div class=\"elementor-element elementor-element-3e5fb80 elementor-widget__width-initial elementor-widget elementor-widget-heading\" data-id=\"3e5fb80\" data-element_type=\"widget\" data-e-type=\"widget\" data-widget_type=\"heading.default\">\n\t\t\t\t\t<div class=\"elementor-heading-title elementor-size-default\">Rendi la tua azienda una realt\u00e0 sostenibile <b class=\"playfair orange\">con noi<\/b><\/div>\t\t\t\t<\/div>\n\t\t\t\t<\/div>\n\t\t\t\t<\/div>\n\t\t<div class=\"elementor-element elementor-element-b5d5d5c e-con-full e-flex e-con e-parent\" data-id=\"b5d5d5c\" data-element_type=\"container\" data-e-type=\"container\">\n\t\t<div class=\"elementor-element elementor-element-2b88a5b e-con-full e-flex e-con e-child\" data-id=\"2b88a5b\" data-element_type=\"container\" data-e-type=\"container\">\n\t\t<div class=\"elementor-element elementor-element-a7f3e85 e-con-full e-flex e-con e-child\" data-id=\"a7f3e85\" data-element_type=\"container\" data-e-type=\"container\" data-settings=\"{&quot;background_background&quot;:&quot;classic&quot;}\">\n\t\t\t\t<div class=\"elementor-element elementor-element-ea270fb elementor-widget elementor-widget-text-editor\" data-id=\"ea270fb\" data-element_type=\"widget\" data-e-type=\"widget\" data-widget_type=\"text-editor.default\">\n\t\t\t\t\t\t\t\t\t<p>EXECUTIVE ESG<\/p>\t\t\t\t\t\t\t\t<\/div>\n\t\t\t\t<div class=\"elementor-element elementor-element-cb6fe90 elementor-widget elementor-widget-text-editor\" data-id=\"cb6fe90\" data-element_type=\"widget\" data-e-type=\"widget\" data-widget_type=\"text-editor.default\">\n\t\t\t\t\t\t\t\t\t<p>Digital Energy Management<\/p>\t\t\t\t\t\t\t\t<\/div>\n\t\t\t\t<div class=\"elementor-element elementor-element-41fe9ac elementor-align-center elementor-widget elementor-widget-button\" data-id=\"41fe9ac\" data-element_type=\"widget\" data-e-type=\"widget\" data-widget_type=\"button.default\">\n\t\t\t\t\t\t\t\t\t\t<a class=\"elementor-button elementor-button-link elementor-size-sm\" href=\"https:\/\/www.tecno-group.eu\/en\/cosa-facciamo\/sustainable-transformation\/digital-energy-management\/\">\n\t\t\t\t\t\t<span class=\"elementor-button-content-wrapper\">\n\t\t\t\t\t\t\t\t\t<span class=\"elementor-button-text\">Scopri il servizio<\/span>\n\t\t\t\t\t<\/span>\n\t\t\t\t\t<\/a>\n\t\t\t\t\t\t\t\t<\/div>\n\t\t\t\t<\/div>\n\t\t<div class=\"elementor-element elementor-element-656c755 e-con-full e-flex e-con e-child\" data-id=\"656c755\" data-element_type=\"container\" data-e-type=\"container\" data-settings=\"{&quot;background_background&quot;:&quot;classic&quot;}\">\n\t\t\t\t<div class=\"elementor-element elementor-element-6c5e042 elementor-widget elementor-widget-text-editor\" data-id=\"6c5e042\" data-element_type=\"widget\" data-e-type=\"widget\" data-widget_type=\"text-editor.default\">\n\t\t\t\t\t\t\t\t\t<p>STRATEGIC ESG<\/p>\t\t\t\t\t\t\t\t<\/div>\n\t\t\t\t<div class=\"elementor-element elementor-element-f0c717f elementor-widget elementor-widget-text-editor\" data-id=\"f0c717f\" data-element_type=\"widget\" data-e-type=\"widget\" data-widget_type=\"text-editor.default\">\n\t\t\t\t\t\t\t\t\t<p>Strategic Management<\/p>\t\t\t\t\t\t\t\t<\/div>\n\t\t\t\t<div class=\"elementor-element elementor-element-dd63548 elementor-align-center elementor-widget elementor-widget-button\" data-id=\"dd63548\" data-element_type=\"widget\" data-e-type=\"widget\" data-widget_type=\"button.default\">\n\t\t\t\t\t\t\t\t\t\t<a class=\"elementor-button elementor-button-link elementor-size-sm\" href=\"https:\/\/www.tecno-group.eu\/en\/cosa-facciamo\/sustainable-transformation\/strategic-management\/\">\n\t\t\t\t\t\t<span class=\"elementor-button-content-wrapper\">\n\t\t\t\t\t\t\t\t\t<span class=\"elementor-button-text\">Scopri il servizio<\/span>\n\t\t\t\t\t<\/span>\n\t\t\t\t\t<\/a>\n\t\t\t\t\t\t\t\t<\/div>\n\t\t\t\t<\/div>\n\t\t<div class=\"elementor-element elementor-element-c6d21ab e-con-full e-flex e-con e-child\" data-id=\"c6d21ab\" data-element_type=\"container\" data-e-type=\"container\" data-settings=\"{&quot;background_background&quot;:&quot;classic&quot;}\">\n\t\t\t\t<div class=\"elementor-element elementor-element-f8602c2 elementor-widget elementor-widget-text-editor\" data-id=\"f8602c2\" data-element_type=\"widget\" data-e-type=\"widget\" data-widget_type=\"text-editor.default\">\n\t\t\t\t\t\t\t\t\t<p>STRATEGIC ESG<\/p>\t\t\t\t\t\t\t\t<\/div>\n\t\t\t\t<div class=\"elementor-element elementor-element-a7c6933 elementor-widget elementor-widget-text-editor\" data-id=\"a7c6933\" data-element_type=\"widget\" data-e-type=\"widget\" data-widget_type=\"text-editor.default\">\n\t\t\t\t\t\t\t\t\t<p>Reporting<\/p>\t\t\t\t\t\t\t\t<\/div>\n\t\t\t\t<div class=\"elementor-element elementor-element-e682257 elementor-align-center elementor-widget elementor-widget-button\" data-id=\"e682257\" data-element_type=\"widget\" data-e-type=\"widget\" data-widget_type=\"button.default\">\n\t\t\t\t\t\t\t\t\t\t<a class=\"elementor-button elementor-button-link elementor-size-sm\" href=\"https:\/\/www.tecno-group.eu\/en\/cosa-facciamo\/sustainable-transformation\/reporting\/\">\n\t\t\t\t\t\t<span class=\"elementor-button-content-wrapper\">\n\t\t\t\t\t\t\t\t\t<span class=\"elementor-button-text\">Scopri il servizio<\/span>\n\t\t\t\t\t<\/span>\n\t\t\t\t\t<\/a>\n\t\t\t\t\t\t\t\t<\/div>\n\t\t\t\t<\/div>\n\t\t<div class=\"elementor-element elementor-element-bdcbabf e-con-full e-flex e-con e-child\" data-id=\"bdcbabf\" data-element_type=\"container\" data-e-type=\"container\" data-settings=\"{&quot;background_background&quot;:&quot;classic&quot;}\">\n\t\t\t\t<div class=\"elementor-element elementor-element-2331def elementor-widget elementor-widget-text-editor\" data-id=\"2331def\" data-element_type=\"widget\" data-e-type=\"widget\" data-widget_type=\"text-editor.default\">\n\t\t\t\t\t\t\t\t\t<p>STRATEGIC ESG<\/p>\t\t\t\t\t\t\t\t<\/div>\n\t\t\t\t<div class=\"elementor-element elementor-element-a13b5e7 elementor-widget elementor-widget-text-editor\" data-id=\"a13b5e7\" data-element_type=\"widget\" data-e-type=\"widget\" data-widget_type=\"text-editor.default\">\n\t\t\t\t\t\t\t\t\t<p>Comunicazione ESG<\/p>\t\t\t\t\t\t\t\t<\/div>\n\t\t\t\t<div class=\"elementor-element elementor-element-06869b0 elementor-align-center elementor-widget elementor-widget-button\" data-id=\"06869b0\" data-element_type=\"widget\" data-e-type=\"widget\" data-widget_type=\"button.default\">\n\t\t\t\t\t\t\t\t\t\t<a class=\"elementor-button elementor-button-link elementor-size-sm\" href=\"https:\/\/www.tecno-group.eu\/en\/cosa-facciamo\/sustainable-transformation\/comunicazione-esg\/\">\n\t\t\t\t\t\t<span class=\"elementor-button-content-wrapper\">\n\t\t\t\t\t\t\t\t\t<span class=\"elementor-button-text\">Scopri il servizio<\/span>\n\t\t\t\t\t<\/span>\n\t\t\t\t\t<\/a>\n\t\t\t\t\t\t\t\t<\/div>\n\t\t\t\t<\/div>\n\t\t<div class=\"elementor-element elementor-element-fe8e3c4 e-con-full e-flex e-con e-child\" data-id=\"fe8e3c4\" data-element_type=\"container\" data-e-type=\"container\" data-settings=\"{&quot;background_background&quot;:&quot;classic&quot;}\">\n\t\t\t\t<div class=\"elementor-element elementor-element-84f6d72 elementor-widget elementor-widget-text-editor\" data-id=\"84f6d72\" data-element_type=\"widget\" data-e-type=\"widget\" data-widget_type=\"text-editor.default\">\n\t\t\t\t\t\t\t\t\t<p>EXECUTIVE ESG<\/p>\t\t\t\t\t\t\t\t<\/div>\n\t\t\t\t<div class=\"elementor-element elementor-element-2a5110a elementor-widget elementor-widget-text-editor\" data-id=\"2a5110a\" data-element_type=\"widget\" data-e-type=\"widget\" data-widget_type=\"text-editor.default\">\n\t\t\t\t\t\t\t\t\t<p>Circular Economy<\/p>\t\t\t\t\t\t\t\t<\/div>\n\t\t\t\t<div class=\"elementor-element elementor-element-5eea0be elementor-align-center elementor-widget elementor-widget-button\" data-id=\"5eea0be\" data-element_type=\"widget\" data-e-type=\"widget\" data-widget_type=\"button.default\">\n\t\t\t\t\t\t\t\t\t\t<a class=\"elementor-button elementor-button-link elementor-size-sm\" href=\"https:\/\/www.tecno-group.eu\/en\/cosa-facciamo\/sustainable-transformation\/circular-economy\/\">\n\t\t\t\t\t\t<span class=\"elementor-button-content-wrapper\">\n\t\t\t\t\t\t\t\t\t<span class=\"elementor-button-text\">Scopri il servizio<\/span>\n\t\t\t\t\t<\/span>\n\t\t\t\t\t<\/a>\n\t\t\t\t\t\t\t\t<\/div>\n\t\t\t\t<\/div>\n\t\t\t\t<\/div>\n\t\t\t\t<\/div>\n\t\t\t\t<\/div>\n\t\t","protected":false},"excerpt":{"rendered":"<p>Carbon Management: lo strumento migliore per raggiungere la neutralit\u00e0 carbonica. Carbon Management I processi di Carbon Footprint accounting condotti dalle aziende seguono gli obiettivi NetZero perseguiti dalle istituzioni nazionali ed internazionali, e rappresentano uno dei fattori principali dell\u2019approccio sostenibile che regge i criteri Environmental, Social e Governance. Gli interventi di riduzione e mitigazione delle emissioni [&hellip;]<\/p>\n","protected":false},"author":1,"featured_media":0,"parent":2083,"menu_order":0,"comment_status":"closed","ping_status":"closed","template":"","meta":{"_acf_changed":false,"inline_featured_image":false,"footnotes":""},"class_list":["post-2097","page","type-page","status-publish","hentry"],"acf":[],"_links":{"self":[{"href":"https:\/\/www.tecno-group.eu\/en\/wp-json\/wp\/v2\/pages\/2097","targetHints":{"allow":["GET"]}}],"collection":[{"href":"https:\/\/www.tecno-group.eu\/en\/wp-json\/wp\/v2\/pages"}],"about":[{"href":"https:\/\/www.tecno-group.eu\/en\/wp-json\/wp\/v2\/types\/page"}],"author":[{"embeddable":true,"href":"https:\/\/www.tecno-group.eu\/en\/wp-json\/wp\/v2\/users\/1"}],"replies":[{"embeddable":true,"href":"https:\/\/www.tecno-group.eu\/en\/wp-json\/wp\/v2\/comments?post=2097"}],"version-history":[{"count":30,"href":"https:\/\/www.tecno-group.eu\/en\/wp-json\/wp\/v2\/pages\/2097\/revisions"}],"predecessor-version":[{"id":88315,"href":"https:\/\/www.tecno-group.eu\/en\/wp-json\/wp\/v2\/pages\/2097\/revisions\/88315"}],"up":[{"embeddable":true,"href":"https:\/\/www.tecno-group.eu\/en\/wp-json\/wp\/v2\/pages\/2083"}],"wp:attachment":[{"href":"https:\/\/www.tecno-group.eu\/en\/wp-json\/wp\/v2\/media?parent=2097"}],"curies":[{"name":"wp","href":"https:\/\/api.w.org\/{rel}","templated":true}]}}