{"id":1785,"date":"2024-05-20T19:47:48","date_gmt":"2024-05-20T17:47:48","guid":{"rendered":"https:\/\/dev.tecno-group.eu\/?page_id=1785"},"modified":"2025-07-14T15:05:03","modified_gmt":"2025-07-14T13:05:03","slug":"gender-equality-certification","status":"publish","type":"page","link":"https:\/\/www.tecno-group.eu\/en\/cosa-facciamo\/sustainable-transformation\/strategic-management\/certificazione-parita-di-genere\/","title":{"rendered":"Gender Equality Certification"},"content":{"rendered":"\t\t<div data-elementor-type=\"wp-page\" data-elementor-id=\"1785\" class=\"elementor elementor-1785\" data-elementor-post-type=\"page\">\n\t\t\t\t<div class=\"elementor-element elementor-element-7e04016 e-con-full e-flex e-con e-parent\" data-id=\"7e04016\" data-element_type=\"container\" data-e-type=\"container\" data-settings=\"{&quot;background_background&quot;:&quot;classic&quot;}\">\n\t\t<div class=\"elementor-element elementor-element-fa22ae5 header-background-section e-con-full e-flex e-con e-child\" data-id=\"fa22ae5\" data-element_type=\"container\" data-e-type=\"container\" data-settings=\"{&quot;background_background&quot;:&quot;classic&quot;}\">\n\t\t<div class=\"elementor-element elementor-element-b89d123 e-flex e-con-boxed e-con e-child\" data-id=\"b89d123\" data-element_type=\"container\" data-e-type=\"container\">\n\t\t\t\t\t<div class=\"e-con-inner\">\n\t\t\t\t<div class=\"elementor-element elementor-element-f214050 elementor-widget__width-initial elementor-widget elementor-widget-heading\" data-id=\"f214050\" data-element_type=\"widget\" data-e-type=\"widget\" data-widget_type=\"heading.default\">\n\t\t\t\t\t<h2 class=\"elementor-heading-title elementor-size-default\">Ridurre il gender gap \u00e8 il primo passo per diventare un\u2019impresa <b>equa, inclusiva<\/b> e <b>socialmente responsabile.<\/b><\/h2>\t\t\t\t<\/div>\n\t\t\t\t\t<\/div>\n\t\t\t\t<\/div>\n\t\t\t\t<\/div>\n\t\t\t\t<\/div>\n\t\t<div class=\"elementor-element elementor-element-89b6d19 e-flex e-con-boxed e-con e-parent\" data-id=\"89b6d19\" data-element_type=\"container\" data-e-type=\"container\" data-settings=\"{&quot;background_background&quot;:&quot;classic&quot;,&quot;sticky&quot;:&quot;top&quot;,&quot;sticky_offset_mobile&quot;:65,&quot;animation_mobile&quot;:&quot;fadeInDown&quot;,&quot;sticky_on&quot;:[&quot;desktop&quot;,&quot;tablet&quot;,&quot;mobile&quot;],&quot;sticky_offset&quot;:0,&quot;sticky_effects_offset&quot;:0,&quot;sticky_anchor_link_offset&quot;:0}\">\n\t\t\t\t\t<div class=\"e-con-inner\">\n\t\t<div class=\"elementor-element elementor-element-789f980 e-con-full e-flex e-con e-child\" data-id=\"789f980\" data-element_type=\"container\" data-e-type=\"container\" data-settings=\"{&quot;background_background&quot;:&quot;classic&quot;,&quot;sticky&quot;:&quot;top&quot;,&quot;sticky_offset_mobile&quot;:100,&quot;animation_mobile&quot;:&quot;fadeInDown&quot;,&quot;sticky_on&quot;:[&quot;desktop&quot;,&quot;tablet&quot;,&quot;mobile&quot;],&quot;sticky_offset&quot;:0,&quot;sticky_effects_offset&quot;:0,&quot;sticky_anchor_link_offset&quot;:0}\">\n\t\t<div class=\"elementor-element elementor-element-8221fae e-con-full elementor-hidden-desktop e-flex e-con e-child\" data-id=\"8221fae\" data-element_type=\"container\" data-e-type=\"container\" data-settings=\"{&quot;sticky&quot;:&quot;top&quot;,&quot;sticky_offset_tablet&quot;:50,&quot;sticky_offset_mobile&quot;:0,&quot;animation_tablet&quot;:&quot;fadeInDown&quot;,&quot;sticky_on&quot;:[&quot;desktop&quot;,&quot;tablet&quot;,&quot;mobile&quot;],&quot;sticky_offset&quot;:0,&quot;sticky_effects_offset&quot;:0,&quot;sticky_anchor_link_offset&quot;:0}\">\n\t\t\t\t<div class=\"elementor-element elementor-element-9d33b8c elementor-widget-tablet__width-auto elementor-widget elementor-widget-heading\" data-id=\"9d33b8c\" data-element_type=\"widget\" data-e-type=\"widget\" data-widget_type=\"heading.default\">\n\t\t\t\t\t<h2 class=\"elementor-heading-title elementor-size-default\"><a href=\"https:\/\/www.tecno-group.eu\/en\/governance\/\">Strategic Management<\/a><\/h2>\t\t\t\t<\/div>\n\t\t\t\t<div class=\"elementor-element elementor-element-ea96f7e elementor-widget__width-initial elementor-nav-menu--stretch elementor-widget-tablet__width-auto elementor-widget-mobile__width-auto elementor-nav-menu__text-align-aside elementor-nav-menu--toggle elementor-nav-menu--burger elementor-widget elementor-widget-nav-menu\" data-id=\"ea96f7e\" data-element_type=\"widget\" data-e-type=\"widget\" data-settings=\"{&quot;layout&quot;:&quot;dropdown&quot;,&quot;full_width&quot;:&quot;stretch&quot;,&quot;submenu_icon&quot;:{&quot;value&quot;:&quot;&lt;svg aria-hidden=\\&quot;true\\&quot; class=\\&quot;e-font-icon-svg e-fas-caret-down\\&quot; viewBox=\\&quot;0 0 320 512\\&quot; xmlns=\\&quot;http:\\\/\\\/www.w3.org\\\/2000\\\/svg\\&quot;&gt;&lt;path d=\\&quot;M31.3 192h257.3c17.8 0 26.7 21.5 14.1 34.1L174.1 354.8c-7.8 7.8-20.5 7.8-28.3 0L17.2 226.1C4.6 213.5 13.5 192 31.3 192z\\&quot;&gt;&lt;\\\/path&gt;&lt;\\\/svg&gt;&quot;,&quot;library&quot;:&quot;fa-solid&quot;},&quot;toggle&quot;:&quot;burger&quot;}\" data-widget_type=\"nav-menu.default\">\n\t\t\t\t\t\t\t<div class=\"elementor-menu-toggle\" role=\"button\" tabindex=\"0\" aria-label=\"Menu Toggle\" aria-expanded=\"false\">\n\t\t\t<svg aria-hidden=\"true\" role=\"presentation\" class=\"elementor-menu-toggle__icon--open e-font-icon-svg e-fas-chevron-down\" viewBox=\"0 0 448 512\" xmlns=\"http:\/\/www.w3.org\/2000\/svg\"><path d=\"M207.029 381.476L12.686 187.132c-9.373-9.373-9.373-24.569 0-33.941l22.667-22.667c9.357-9.357 24.522-9.375 33.901-.04L224 284.505l154.745-154.021c9.379-9.335 24.544-9.317 33.901.04l22.667 22.667c9.373 9.373 9.373 24.569 0 33.941L240.971 381.476c-9.373 9.372-24.569 9.372-33.942 0z\"><\/path><\/svg><svg aria-hidden=\"true\" role=\"presentation\" class=\"elementor-menu-toggle__icon--close e-font-icon-svg e-eicon-close\" viewBox=\"0 0 1000 1000\" xmlns=\"http:\/\/www.w3.org\/2000\/svg\"><path d=\"M742 167L500 408 258 167C246 154 233 150 217 150 196 150 179 158 167 167 154 179 150 196 150 212 150 229 154 242 171 254L408 500 167 742C138 771 138 800 167 829 196 858 225 858 254 829L496 587 738 829C750 842 767 846 783 846 800 846 817 842 829 829 842 817 846 804 846 783 846 767 842 750 829 737L588 500 833 258C863 229 863 200 833 171 804 137 775 137 742 167Z\"><\/path><\/svg>\t\t<\/div>\n\t\t\t\t\t<nav class=\"elementor-nav-menu--dropdown elementor-nav-menu__container\" aria-hidden=\"true\">\n\t\t\t\t<ul id=\"menu-2-ea96f7e\" class=\"elementor-nav-menu\"><li class=\"menu-item menu-item-type-post_type menu-item-object-page menu-item-81633\"><a href=\"https:\/\/www.tecno-group.eu\/en\/cosa-facciamo\/sustainable-transformation\/strategic-management\/esg-assessment-2-2\/\" class=\"elementor-item\" tabindex=\"-1\">ESG Assessment<\/a><\/li>\n<li class=\"menu-item menu-item-type-post_type menu-item-object-page menu-item-81635\"><a href=\"https:\/\/www.tecno-group.eu\/en\/cosa-facciamo\/sustainable-transformation\/strategic-management\/consulenza-strategica\/\" class=\"elementor-item\" tabindex=\"-1\">Consulenza Strategica<\/a><\/li>\n<li class=\"menu-item menu-item-type-post_type menu-item-object-page menu-item-81636\"><a href=\"https:\/\/www.tecno-group.eu\/en\/cosa-facciamo\/sustainable-transformation\/strategic-management\/certificazione-parita-di-genere\/\" class=\"elementor-item\" tabindex=\"-1\">Certificazione Parit\u00e0 di Genere<\/a><\/li>\n<li class=\"menu-item menu-item-type-post_type menu-item-object-page menu-item-81637\"><a href=\"https:\/\/www.tecno-group.eu\/en\/cosa-facciamo\/sustainable-transformation\/strategic-management\/societa-benefit\/\" class=\"elementor-item\" tabindex=\"-1\">Societ\u00e0 Benefit<\/a><\/li>\n<li class=\"menu-item menu-item-type-post_type menu-item-object-page menu-item-81638\"><a href=\"https:\/\/www.tecno-group.eu\/en\/cosa-facciamo\/sustainable-transformation\/strategic-management\/formazione-esg\/\" class=\"elementor-item\" tabindex=\"-1\">Formazione ESG<\/a><\/li>\n<li class=\"menu-item menu-item-type-post_type menu-item-object-page menu-item-81639\"><a href=\"https:\/\/www.tecno-group.eu\/en\/cosa-facciamo\/sustainable-transformation\/strategic-management\/sustainlex\/\" class=\"elementor-item\" tabindex=\"-1\">SustainLex<\/a><\/li>\n<li class=\"menu-item menu-item-type-post_type menu-item-object-page menu-item-82149\"><a href=\"https:\/\/www.tecno-group.eu\/en\/cosa-facciamo\/sustainable-transformation\/strategic-management\/supply-chain\/\" class=\"elementor-item\" tabindex=\"-1\">Supply Chain<\/a><\/li>\n<li class=\"menu-item menu-item-type-post_type menu-item-object-page menu-item-82152\"><a href=\"https:\/\/www.tecno-group.eu\/en\/cosa-facciamo\/sustainable-transformation\/strategic-management\/regolamento-eudr\/\" class=\"elementor-item\" tabindex=\"-1\">Regolamento EUDR<\/a><\/li>\n<\/ul>\t\t\t<\/nav>\n\t\t\t\t\t\t<\/div>\n\t\t\t\t<\/div>\n\t\t\t\t<\/div>\n\t\t\t\t\t<\/div>\n\t\t\t\t<\/div>\n\t\t<div class=\"elementor-element elementor-element-18c53c5 e-con-full e-flex e-con e-parent\" data-id=\"18c53c5\" data-element_type=\"container\" data-e-type=\"container\">\n\t\t\t\t<div class=\"elementor-element elementor-element-e5a85f9 elementor-widget elementor-widget-html\" data-id=\"e5a85f9\" data-element_type=\"widget\" data-e-type=\"widget\" data-widget_type=\"html.default\">\n\t\t\t\t\t<div id=\"el-breadcrumbs\"><\/div>\n\n<script>\n  document.addEventListener('DOMContentLoaded', function(){\n    const path = window.location.pathname.split('\/').filter(p => p);\n    const container = document.getElementById('el-breadcrumbs');\n    if(!container) return;\n\n    const homeLink = '<a href=\"\/\">Home<\/a>';\n    const sep = ' \/ ';\n    let crumbs = [homeLink];\n\n    let accumulated = '\/';\n    path.forEach((segment, i) => {\n      accumulated += segment + '\/';\n      \/\/ Sostituisci trattini e maiuscole  \n      const name = segment.replace(\/-\/g, ' ').replace(\/\\b\\w\/g, l => l.toUpperCase());\n      if (i < path.length - 1) {\n        crumbs.push(`<a href=\"${accumulated}\">${name}<\/a>`);\n      } else {\n        crumbs.push(`<span>${name}<\/span>`);\n      }\n    });\n\n    container.innerHTML = '<nav class=\"el-breadcrumbs\" aria-label=\"Breadcrumb\">' \n                          + crumbs.join(sep) \n                          + '<\/nav>';\n  });\n<\/script>\n\t\t\t\t<\/div>\n\t\t\t\t<\/div>\n\t\t<div class=\"elementor-element elementor-element-5c8484c e-con-full dark-white-tecno e-flex e-con e-parent\" data-id=\"5c8484c\" data-element_type=\"container\" data-e-type=\"container\">\n\t\t<div class=\"elementor-element elementor-element-38e2022 e-con-full e-flex e-con e-child\" data-id=\"38e2022\" data-element_type=\"container\" data-e-type=\"container\" data-settings=\"{&quot;background_background&quot;:&quot;classic&quot;}\">\n\t\t\t\t<div class=\"elementor-element elementor-element-693082e elementor-widget__width-initial elementor-widget elementor-widget-text-editor\" data-id=\"693082e\" data-element_type=\"widget\" data-e-type=\"widget\" data-widget_type=\"text-editor.default\">\n\t\t\t\t\t\t\t\t\t<p>La certificazione per la parit\u00e0 di genere \u00e8 un simbolo della Corporate Social Responsibility della tua azienda, nonch\u00e9 sintesi di valori e principi dell\u2019organizzazione.<\/p>\t\t\t\t\t\t\t\t<\/div>\n\t\t\t\t<div class=\"elementor-element elementor-element-4ddac72 elementor-widget__width-initial elementor-widget elementor-widget-text-editor\" data-id=\"4ddac72\" data-element_type=\"widget\" data-e-type=\"widget\" data-widget_type=\"text-editor.default\">\n\t\t\t\t\t\t\t\t\t<p>Le pari opportunit\u00e0 in azienda sono un elemento imprescindibile per il perseguimento degli obiettivi ESG, in linea con le tre P della sostenibilit\u00e0: People-Profit-Planet. Ottenere la Certificazione per la parit\u00e0 di genere produce vantaggi in termini di:<\/p><ul><li>attrazione di giovani talenti, sempre pi\u00f9 sensibili sull\u2019argomento;<\/li><li>reputazione del brand;<\/li><li>accesso a linee di finanziamento dedicate al tema diversit\u00e0 ed inclusione.<\/li><\/ul>\t\t\t\t\t\t\t\t<\/div>\n\t\t\t\t<div class=\"elementor-element elementor-element-a0e974b elementor-widget__width-initial elementor-widget elementor-widget-text-editor\" data-id=\"a0e974b\" data-element_type=\"widget\" data-e-type=\"widget\" data-widget_type=\"text-editor.default\">\n\t\t\t\t\t\t\t\t\t<p>Definiamo insieme un piano d\u2019azione efficace per ottenere la certificazione della parit\u00e0 di genere, accedere alle linee di finanziamento attive e promuovere un clima aziendale inclusivo ed orientato alla valorizzazione delle persone.<\/p><p><strong>Per una crescita improntata all\u2019inclusione.<\/strong><\/p>\t\t\t\t\t\t\t\t<\/div>\n\t\t\t\t<div class=\"elementor-element elementor-element-d72cbe5 elementor-hidden-tablet elementor-hidden-mobile elementor-widget elementor-widget-button\" data-id=\"d72cbe5\" data-element_type=\"widget\" data-e-type=\"widget\" data-widget_type=\"button.default\">\n\t\t\t\t\t\t\t\t\t\t<a class=\"elementor-button elementor-button-link elementor-size-sm\" href=\"https:\/\/www.tecno-group.eu\/en\/cosa-facciamo\/\">\n\t\t\t\t\t\t<span class=\"elementor-button-content-wrapper\">\n\t\t\t\t\t\t\t\t\t<span class=\"elementor-button-text\">Contatta i nostri esperti<\/span>\n\t\t\t\t\t<\/span>\n\t\t\t\t\t<\/a>\n\t\t\t\t\t\t\t\t<\/div>\n\t\t\t\t<\/div>\n\t\t\t\t<\/div>\n\t\t<div class=\"elementor-element elementor-element-ad3e969 e-con-full dark-white-tecno e-flex e-con e-parent\" data-id=\"ad3e969\" data-element_type=\"container\" data-e-type=\"container\">\n\t\t<div class=\"elementor-element elementor-element-1b5d670 e-con-full e-flex e-con e-child\" data-id=\"1b5d670\" data-element_type=\"container\" data-e-type=\"container\">\n\t\t\t\t<div class=\"elementor-element elementor-element-666a4da elementor-widget__width-initial elementor-widget elementor-widget-heading\" data-id=\"666a4da\" data-element_type=\"widget\" data-e-type=\"widget\" data-widget_type=\"heading.default\">\n\t\t\t\t\t<h2 class=\"elementor-heading-title elementor-size-default\">Gli strumenti della Rivoluzione <b class=\"playfair orange\">sostenibile<\/b><\/h2>\t\t\t\t<\/div>\n\t\t\t\t<\/div>\n\t\t\t\t<\/div>\n\t\t<div class=\"elementor-element elementor-element-30c0d0b e-con-full e-flex e-con e-parent\" data-id=\"30c0d0b\" data-element_type=\"container\" data-e-type=\"container\">\n\t\t<div class=\"elementor-element elementor-element-37d15bd e-con-full e-flex e-con e-child\" data-id=\"37d15bd\" data-element_type=\"container\" data-e-type=\"container\">\n\t\t<div class=\"elementor-element elementor-element-ca1a6f9 e-con-full e-flex e-con e-child\" data-id=\"ca1a6f9\" data-element_type=\"container\" data-e-type=\"container\" data-settings=\"{&quot;background_background&quot;:&quot;classic&quot;}\">\n\t\t\t\t<div class=\"elementor-element elementor-element-15e76dd elementor-widget elementor-widget-text-editor\" data-id=\"15e76dd\" data-element_type=\"widget\" data-e-type=\"widget\" data-widget_type=\"text-editor.default\">\n\t\t\t\t\t\t\t\t\t<p>STRATEGIC ESG<\/p>\t\t\t\t\t\t\t\t<\/div>\n\t\t\t\t<div class=\"elementor-element elementor-element-f515ec5 elementor-widget elementor-widget-text-editor\" data-id=\"f515ec5\" data-element_type=\"widget\" data-e-type=\"widget\" data-widget_type=\"text-editor.default\">\n\t\t\t\t\t\t\t\t\t<p>Supply Chain<\/p>\t\t\t\t\t\t\t\t<\/div>\n\t\t\t\t<div class=\"elementor-element elementor-element-a5289a8 elementor-align-center elementor-widget elementor-widget-button\" data-id=\"a5289a8\" data-element_type=\"widget\" data-e-type=\"widget\" data-widget_type=\"button.default\">\n\t\t\t\t\t\t\t\t\t\t<a class=\"elementor-button elementor-button-link elementor-size-sm\" href=\"https:\/\/www.tecno-group.eu\/en\/cosa-facciamo\/sustainable-transformation\/strategic-management\/supply-chain\/\">\n\t\t\t\t\t\t<span class=\"elementor-button-content-wrapper\">\n\t\t\t\t\t\t\t\t\t<span class=\"elementor-button-text\">Scopri il servizio<\/span>\n\t\t\t\t\t<\/span>\n\t\t\t\t\t<\/a>\n\t\t\t\t\t\t\t\t<\/div>\n\t\t\t\t<\/div>\n\t\t<div class=\"elementor-element elementor-element-eb7e5d7 e-con-full e-flex e-con e-child\" data-id=\"eb7e5d7\" data-element_type=\"container\" data-e-type=\"container\" data-settings=\"{&quot;background_background&quot;:&quot;classic&quot;}\">\n\t\t\t\t<div class=\"elementor-element elementor-element-165578b elementor-widget elementor-widget-text-editor\" data-id=\"165578b\" data-element_type=\"widget\" data-e-type=\"widget\" data-widget_type=\"text-editor.default\">\n\t\t\t\t\t\t\t\t\t<p>STRATEGIC ESG<\/p>\t\t\t\t\t\t\t\t<\/div>\n\t\t\t\t<div class=\"elementor-element elementor-element-eb81fa2 elementor-widget elementor-widget-text-editor\" data-id=\"eb81fa2\" data-element_type=\"widget\" data-e-type=\"widget\" data-widget_type=\"text-editor.default\">\n\t\t\t\t\t\t\t\t\t<p>Consulenza strategica<\/p>\t\t\t\t\t\t\t\t<\/div>\n\t\t\t\t<div class=\"elementor-element elementor-element-53d9a95 elementor-align-center elementor-widget elementor-widget-button\" data-id=\"53d9a95\" data-element_type=\"widget\" data-e-type=\"widget\" data-widget_type=\"button.default\">\n\t\t\t\t\t\t\t\t\t\t<a class=\"elementor-button elementor-button-link elementor-size-sm\" href=\"https:\/\/www.tecno-group.eu\/en\/cosa-facciamo\/sustainable-transformation\/strategic-management\/consulenza-strategica\/\">\n\t\t\t\t\t\t<span class=\"elementor-button-content-wrapper\">\n\t\t\t\t\t\t\t\t\t<span class=\"elementor-button-text\">Scopri il servizio<\/span>\n\t\t\t\t\t<\/span>\n\t\t\t\t\t<\/a>\n\t\t\t\t\t\t\t\t<\/div>\n\t\t\t\t<\/div>\n\t\t<div class=\"elementor-element elementor-element-8b9f5c6 e-con-full e-flex e-con e-child\" data-id=\"8b9f5c6\" data-element_type=\"container\" data-e-type=\"container\" data-settings=\"{&quot;background_background&quot;:&quot;classic&quot;}\">\n\t\t\t\t<div class=\"elementor-element elementor-element-db3a3a0 elementor-widget elementor-widget-text-editor\" data-id=\"db3a3a0\" data-element_type=\"widget\" data-e-type=\"widget\" data-widget_type=\"text-editor.default\">\n\t\t\t\t\t\t\t\t\t<p>STRATEGIC ESG<\/p>\t\t\t\t\t\t\t\t<\/div>\n\t\t\t\t<div class=\"elementor-element elementor-element-58f3381 elementor-widget elementor-widget-text-editor\" data-id=\"58f3381\" data-element_type=\"widget\" data-e-type=\"widget\" data-widget_type=\"text-editor.default\">\n\t\t\t\t\t\t\t\t\t<p>Societ\u00e0 Benefit<\/p>\t\t\t\t\t\t\t\t<\/div>\n\t\t\t\t<div class=\"elementor-element elementor-element-fd0f48f elementor-align-center elementor-widget elementor-widget-button\" data-id=\"fd0f48f\" data-element_type=\"widget\" data-e-type=\"widget\" data-widget_type=\"button.default\">\n\t\t\t\t\t\t\t\t\t\t<a class=\"elementor-button elementor-button-link elementor-size-sm\" href=\"https:\/\/www.tecno-group.eu\/en\/cosa-facciamo\/sustainable-transformation\/strategic-management\/societa-benefit\/\">\n\t\t\t\t\t\t<span class=\"elementor-button-content-wrapper\">\n\t\t\t\t\t\t\t\t\t<span class=\"elementor-button-text\">Scopri il servizio<\/span>\n\t\t\t\t\t<\/span>\n\t\t\t\t\t<\/a>\n\t\t\t\t\t\t\t\t<\/div>\n\t\t\t\t<\/div>\n\t\t<div class=\"elementor-element elementor-element-34213d2 e-con-full e-flex e-con e-child\" data-id=\"34213d2\" data-element_type=\"container\" data-e-type=\"container\" data-settings=\"{&quot;background_background&quot;:&quot;classic&quot;}\">\n\t\t\t\t<div class=\"elementor-element elementor-element-349033f elementor-widget elementor-widget-text-editor\" data-id=\"349033f\" data-element_type=\"widget\" data-e-type=\"widget\" data-widget_type=\"text-editor.default\">\n\t\t\t\t\t\t\t\t\t<p>STRATEGIC ESG<\/p>\t\t\t\t\t\t\t\t<\/div>\n\t\t\t\t<div class=\"elementor-element elementor-element-45f0764 elementor-widget elementor-widget-text-editor\" data-id=\"45f0764\" data-element_type=\"widget\" data-e-type=\"widget\" data-widget_type=\"text-editor.default\">\n\t\t\t\t\t\t\t\t\t<p>Formazione ESG<\/p>\t\t\t\t\t\t\t\t<\/div>\n\t\t\t\t<div class=\"elementor-element elementor-element-c321817 elementor-align-center elementor-widget elementor-widget-button\" data-id=\"c321817\" data-element_type=\"widget\" data-e-type=\"widget\" data-widget_type=\"button.default\">\n\t\t\t\t\t\t\t\t\t\t<a class=\"elementor-button elementor-button-link elementor-size-sm\" href=\"https:\/\/www.tecno-group.eu\/en\/cosa-facciamo\/sustainable-transformation\/strategic-management\/formazione-esg\/\">\n\t\t\t\t\t\t<span class=\"elementor-button-content-wrapper\">\n\t\t\t\t\t\t\t\t\t<span class=\"elementor-button-text\">Scopri il servizio<\/span>\n\t\t\t\t\t<\/span>\n\t\t\t\t\t<\/a>\n\t\t\t\t\t\t\t\t<\/div>\n\t\t\t\t<\/div>\n\t\t<div class=\"elementor-element elementor-element-49b98b9 e-con-full e-flex e-con e-child\" data-id=\"49b98b9\" data-element_type=\"container\" data-e-type=\"container\" data-settings=\"{&quot;background_background&quot;:&quot;classic&quot;}\">\n\t\t\t\t<div class=\"elementor-element elementor-element-73a9c3f elementor-widget elementor-widget-text-editor\" data-id=\"73a9c3f\" data-element_type=\"widget\" data-e-type=\"widget\" data-widget_type=\"text-editor.default\">\n\t\t\t\t\t\t\t\t\t<p>STRATEGIC ESG<\/p>\t\t\t\t\t\t\t\t<\/div>\n\t\t\t\t<div class=\"elementor-element elementor-element-6c1b00a elementor-widget elementor-widget-text-editor\" data-id=\"6c1b00a\" data-element_type=\"widget\" data-e-type=\"widget\" data-widget_type=\"text-editor.default\">\n\t\t\t\t\t\t\t\t\t<p>SustainLex<\/p>\t\t\t\t\t\t\t\t<\/div>\n\t\t\t\t<div class=\"elementor-element elementor-element-1473121 elementor-align-center elementor-widget elementor-widget-button\" data-id=\"1473121\" data-element_type=\"widget\" data-e-type=\"widget\" data-widget_type=\"button.default\">\n\t\t\t\t\t\t\t\t\t\t<a class=\"elementor-button elementor-button-link elementor-size-sm\" href=\"https:\/\/www.tecno-group.eu\/en\/cosa-facciamo\/sustainable-transformation\/strategic-management\/sustainlex\/\">\n\t\t\t\t\t\t<span class=\"elementor-button-content-wrapper\">\n\t\t\t\t\t\t\t\t\t<span class=\"elementor-button-text\">Scopri il servizio<\/span>\n\t\t\t\t\t<\/span>\n\t\t\t\t\t<\/a>\n\t\t\t\t\t\t\t\t<\/div>\n\t\t\t\t<\/div>\n\t\t<div class=\"elementor-element elementor-element-e074653 e-con-full e-flex e-con e-child\" data-id=\"e074653\" data-element_type=\"container\" data-e-type=\"container\" data-settings=\"{&quot;background_background&quot;:&quot;classic&quot;}\">\n\t\t\t\t<div class=\"elementor-element elementor-element-359b138 elementor-widget elementor-widget-text-editor\" data-id=\"359b138\" data-element_type=\"widget\" data-e-type=\"widget\" data-widget_type=\"text-editor.default\">\n\t\t\t\t\t\t\t\t\t<p>STRATEGIC ESG<\/p>\t\t\t\t\t\t\t\t<\/div>\n\t\t\t\t<div class=\"elementor-element elementor-element-66feb96 elementor-widget elementor-widget-text-editor\" data-id=\"66feb96\" data-element_type=\"widget\" data-e-type=\"widget\" data-widget_type=\"text-editor.default\">\n\t\t\t\t\t\t\t\t\t<p>ESG Assessment<\/p>\t\t\t\t\t\t\t\t<\/div>\n\t\t\t\t<div class=\"elementor-element elementor-element-76f33c4 elementor-align-center elementor-widget elementor-widget-button\" data-id=\"76f33c4\" data-element_type=\"widget\" data-e-type=\"widget\" data-widget_type=\"button.default\">\n\t\t\t\t\t\t\t\t\t\t<a class=\"elementor-button elementor-button-link elementor-size-sm\" href=\"https:\/\/www.tecno-group.eu\/en\/cosa-facciamo\/sustainable-transformation\/strategic-management\/esg-assessment-2-2\/\">\n\t\t\t\t\t\t<span class=\"elementor-button-content-wrapper\">\n\t\t\t\t\t\t\t\t\t<span class=\"elementor-button-text\">Scopri il servizio<\/span>\n\t\t\t\t\t<\/span>\n\t\t\t\t\t<\/a>\n\t\t\t\t\t\t\t\t<\/div>\n\t\t\t\t<\/div>\n\t\t<div class=\"elementor-element elementor-element-9448fd0 e-con-full e-flex e-con e-child\" data-id=\"9448fd0\" data-element_type=\"container\" data-e-type=\"container\" data-settings=\"{&quot;background_background&quot;:&quot;classic&quot;}\">\n\t\t\t\t<div class=\"elementor-element elementor-element-dfe92e7 elementor-widget elementor-widget-text-editor\" data-id=\"dfe92e7\" data-element_type=\"widget\" data-e-type=\"widget\" data-widget_type=\"text-editor.default\">\n\t\t\t\t\t\t\t\t\t<p>STRATEGIC ESG<\/p>\t\t\t\t\t\t\t\t<\/div>\n\t\t\t\t<div class=\"elementor-element elementor-element-7cdc586 elementor-widget elementor-widget-text-editor\" data-id=\"7cdc586\" data-element_type=\"widget\" data-e-type=\"widget\" data-widget_type=\"text-editor.default\">\n\t\t\t\t\t\t\t\t\t<p>EUDR<\/p>\t\t\t\t\t\t\t\t<\/div>\n\t\t\t\t<div class=\"elementor-element elementor-element-8f7eb85 elementor-align-center elementor-widget elementor-widget-button\" data-id=\"8f7eb85\" data-element_type=\"widget\" data-e-type=\"widget\" data-widget_type=\"button.default\">\n\t\t\t\t\t\t\t\t\t\t<a class=\"elementor-button elementor-button-link elementor-size-sm\" href=\"https:\/\/www.tecno-group.eu\/en\/cosa-facciamo\/sustainable-transformation\/strategic-management\/regolamento-eudr\/\">\n\t\t\t\t\t\t<span class=\"elementor-button-content-wrapper\">\n\t\t\t\t\t\t\t\t\t<span class=\"elementor-button-text\">Scopri il servizio<\/span>\n\t\t\t\t\t<\/span>\n\t\t\t\t\t<\/a>\n\t\t\t\t\t\t\t\t<\/div>\n\t\t\t\t<\/div>\n\t\t\t\t<\/div>\n\t\t\t\t<\/div>\n\t\t\t\t<\/div>\n\t\t","protected":false},"excerpt":{"rendered":"<p>Ridurre il gender gap \u00e8 il primo passo per diventare un\u2019impresa equa, inclusiva e socialmente responsabile. Strategic Management La certificazione per la parit\u00e0 di genere \u00e8 un simbolo della Corporate Social Responsibility della tua azienda, nonch\u00e9 sintesi di valori e principi dell\u2019organizzazione. Le pari opportunit\u00e0 in azienda sono un elemento imprescindibile per il perseguimento degli [&hellip;]<\/p>\n","protected":false},"author":1,"featured_media":0,"parent":2086,"menu_order":0,"comment_status":"closed","ping_status":"closed","template":"","meta":{"_acf_changed":false,"inline_featured_image":false,"footnotes":""},"class_list":["post-1785","page","type-page","status-publish","hentry"],"acf":[],"_links":{"self":[{"href":"https:\/\/www.tecno-group.eu\/en\/wp-json\/wp\/v2\/pages\/1785","targetHints":{"allow":["GET"]}}],"collection":[{"href":"https:\/\/www.tecno-group.eu\/en\/wp-json\/wp\/v2\/pages"}],"about":[{"href":"https:\/\/www.tecno-group.eu\/en\/wp-json\/wp\/v2\/types\/page"}],"author":[{"embeddable":true,"href":"https:\/\/www.tecno-group.eu\/en\/wp-json\/wp\/v2\/users\/1"}],"replies":[{"embeddable":true,"href":"https:\/\/www.tecno-group.eu\/en\/wp-json\/wp\/v2\/comments?post=1785"}],"version-history":[{"count":24,"href":"https:\/\/www.tecno-group.eu\/en\/wp-json\/wp\/v2\/pages\/1785\/revisions"}],"predecessor-version":[{"id":85817,"href":"https:\/\/www.tecno-group.eu\/en\/wp-json\/wp\/v2\/pages\/1785\/revisions\/85817"}],"up":[{"embeddable":true,"href":"https:\/\/www.tecno-group.eu\/en\/wp-json\/wp\/v2\/pages\/2086"}],"wp:attachment":[{"href":"https:\/\/www.tecno-group.eu\/en\/wp-json\/wp\/v2\/media?parent=1785"}],"curies":[{"name":"wp","href":"https:\/\/api.w.org\/{rel}","templated":true}]}}